{"id":10,"date":"2021-04-13T12:56:30","date_gmt":"2021-04-13T12:56:30","guid":{"rendered":"https:\/\/dvv.hr\/?page_id=10"},"modified":"2021-04-19T14:00:59","modified_gmt":"2021-04-19T14:00:59","slug":"o-nama","status":"publish","type":"page","link":"https:\/\/dvv.hr\/en\/o-nama\/","title":{"rendered":"About us"},"content":{"rendered":"[et_pb_section fb_built=&#8221;1&#8243; _builder_version=&#8221;4.9.4&#8243; _module_preset=&#8221;default&#8221; background_color=&#8221;#bbc6d4&#8243; custom_margin=&#8221;0px||0px||false|false&#8221; custom_padding=&#8221;10px||0px||false|false&#8221;][et_pb_row _builder_version=&#8221;4.9.4&#8243; _module_preset=&#8221;default&#8221;][et_pb_column type=&#8221;4_4&#8243; _builder_version=&#8221;4.9.4&#8243; _module_preset=&#8221;default&#8221;][et_pb_text _builder_version=&#8221;4.9.4&#8243; _module_preset=&#8221;default&#8221; header_font=&#8221;Montserrat||||||||&#8221; header_text_color=&#8221;#212629&#8243; header_font_size=&#8221;50px&#8221;]<h1><em>About us<\/em><\/h1>[\/et_pb_text][\/et_pb_column][\/et_pb_row][\/et_pb_section][et_pb_section fb_built=&#8221;1&#8243; _builder_version=&#8221;4.9.4&#8243; _module_preset=&#8221;default&#8221;][et_pb_row _builder_version=&#8221;4.9.4&#8243; _module_preset=&#8221;default&#8221; custom_padding=&#8221;||0px||false|false&#8221;][et_pb_column type=&#8221;4_4&#8243; _builder_version=&#8221;4.9.4&#8243; _module_preset=&#8221;default&#8221;][et_pb_text _builder_version=&#8221;4.9.4&#8243; _module_preset=&#8221;default&#8221; text_font=&#8221;Montserrat||||||||&#8221; text_text_color=&#8221;#212629&#8243; header_2_font=&#8221;Montserrat||||||||&#8221; header_2_text_color=&#8221;#929aa6&#8243; hover_enabled=&#8221;0&#8243; sticky_enabled=&#8221;0&#8243;]<h2><strong>Our story<\/strong><\/h2>[\/et_pb_text][\/et_pb_column][\/et_pb_row][et_pb_row _builder_version=&#8221;4.9.4&#8243; _module_preset=&#8221;default&#8221;][et_pb_column type=&#8221;4_4&#8243; _builder_version=&#8221;4.9.4&#8243; _module_preset=&#8221;default&#8221;][et_pb_text _builder_version=&#8221;4.9.4&#8243; _module_preset=&#8221;default&#8221; text_font=&#8221;Montserrat||||||||&#8221; text_text_color=&#8221;#212629&#8243;]<p class=\" translation-block\"><strong>D.V.V. d.o.o.<\/strong> company, founded in 1990., in scope of the business organization unites a wide range of experts from certain fields. Our electricians, machinists, programmers, fitters, builders and the rest of the stuff are trained to meet your most demanding needs and they are always on your disposal.<\/p>\n<p>The company\u2019s main scope of activities includes:<\/p>\n<p class=\" translation-block\">TECHNICAL AND BUSINESS SERVICES \u2013 jobs in field of  <strong>electroenergetics, automation, energy efficiency and renewable energy, industrial refrigeration and process management.<\/strong> These services cover all preparatory work, design, execution, start-up and maintenance of systems and plants.<\/p>[\/et_pb_text][\/et_pb_column][\/et_pb_row][et_pb_row _builder_version=&#8221;4.9.4&#8243; _module_preset=&#8221;default&#8221;][et_pb_column type=&#8221;4_4&#8243; _builder_version=&#8221;4.9.4&#8243; _module_preset=&#8221;default&#8221;][et_pb_image src=&#8221;https:\/\/dvv.hr\/wp-content\/uploads\/2021\/04\/technical.png&#8221; title_text=&#8221;technical&#8221; _builder_version=&#8221;4.9.4&#8243; _module_preset=&#8221;default&#8221;][\/et_pb_image][\/et_pb_column][\/et_pb_row][\/et_pb_section]","protected":false},"excerpt":{"rendered":"","protected":false},"author":1,"featured_media":0,"parent":0,"menu_order":0,"comment_status":"closed","ping_status":"closed","template":"","meta":{"_et_pb_use_builder":"on","_et_pb_old_content":"","_et_gb_content_width":"","footnotes":""},"class_list":["post-10","page","type-page","status-publish","hentry"],"yoast_head":"<!-- This site is optimized with the Yoast SEO plugin v16.1.1 - https:\/\/yoast.com\/wordpress\/plugins\/seo\/ -->\n<title>D.V.V. d.o.o. | O nama | Technical and Business Services<\/title>\n<meta name=\"description\" content=\"Tvrtka D.V.V. d.o.o., utemeljena 1990. godine, u svojoj poslovnoj organizaciji objedinjuje \u0161iroki spektar stru\u010dnjaka iz pojedinih podru\u010dja.\" \/>\n<link rel=\"canonical\" href=\"https:\/\/dvv.hr\/en\/o-nama\/\" \/>\n<meta property=\"og:locale\" content=\"en_GB\" \/>\n<meta property=\"og:type\" content=\"article\" \/>\n<meta property=\"og:title\" content=\"D.V.V. d.o.o. | O nama | Technical and Business Services\" \/>\n<meta property=\"og:description\" content=\"Tvrtka D.V.V. d.o.o., utemeljena 1990. godine, u svojoj poslovnoj organizaciji objedinjuje \u0161iroki spektar stru\u010dnjaka iz pojedinih podru\u010dja.\" \/>\n<meta property=\"og:url\" content=\"https:\/\/dvv.hr\/en\/o-nama\/\" \/>\n<meta property=\"og:site_name\" content=\"D.V.V. d.o.o.\" \/>\n<meta property=\"article:modified_time\" content=\"2021-04-19T14:00:59+00:00\" \/>\n<meta name=\"twitter:card\" content=\"summary_large_image\" \/>\n<meta name=\"twitter:label1\" content=\"Estimated reading time\">\n\t<meta name=\"twitter:data1\" content=\"1 minute\">\n<script type=\"application\/ld+json\" class=\"yoast-schema-graph\">{\"@context\":\"https:\/\/schema.org\",\"@graph\":[{\"@type\":\"Organization\",\"@id\":\"https:\/\/dvv.hr\/#organization\",\"name\":\"D.V.V. d.o.o.\",\"url\":\"https:\/\/dvv.hr\/\",\"sameAs\":[],\"logo\":{\"@type\":\"ImageObject\",\"@id\":\"https:\/\/dvv.hr\/#logo\",\"inLanguage\":\"en-GB\",\"url\":\"https:\/\/dvv.hr\/wp-content\/uploads\/2021\/04\/dvv_logo.png\",\"contentUrl\":\"https:\/\/dvv.hr\/wp-content\/uploads\/2021\/04\/dvv_logo.png\",\"width\":209,\"height\":62,\"caption\":\"D.V.V. d.o.o.\"},\"image\":{\"@id\":\"https:\/\/dvv.hr\/#logo\"}},{\"@type\":\"WebSite\",\"@id\":\"https:\/\/dvv.hr\/#website\",\"url\":\"https:\/\/dvv.hr\/\",\"name\":\"D.V.V. d.o.o.\",\"description\":\"Technical and Business Services\",\"publisher\":{\"@id\":\"https:\/\/dvv.hr\/#organization\"},\"potentialAction\":[{\"@type\":\"SearchAction\",\"target\":\"https:\/\/dvv.hr\/?s={search_term_string}\",\"query-input\":\"required name=search_term_string\"}],\"inLanguage\":\"en-GB\"},{\"@type\":\"WebPage\",\"@id\":\"https:\/\/dvv.hr\/o-nama\/#webpage\",\"url\":\"https:\/\/dvv.hr\/o-nama\/\",\"name\":\"D.V.V. d.o.o. | O nama | Technical and Business Services\",\"isPartOf\":{\"@id\":\"https:\/\/dvv.hr\/#website\"},\"datePublished\":\"2021-04-13T12:56:30+00:00\",\"dateModified\":\"2021-04-19T14:00:59+00:00\",\"description\":\"Tvrtka D.V.V. d.o.o., utemeljena 1990. godine, u svojoj poslovnoj organizaciji objedinjuje \\u0161iroki spektar stru\\u010dnjaka iz pojedinih podru\\u010dja.\",\"breadcrumb\":{\"@id\":\"https:\/\/dvv.hr\/o-nama\/#breadcrumb\"},\"inLanguage\":\"en-GB\",\"potentialAction\":[{\"@type\":\"ReadAction\",\"target\":[\"https:\/\/dvv.hr\/o-nama\/\"]}]},{\"@type\":\"BreadcrumbList\",\"@id\":\"https:\/\/dvv.hr\/o-nama\/#breadcrumb\",\"itemListElement\":[{\"@type\":\"ListItem\",\"position\":1,\"item\":{\"@type\":\"WebPage\",\"@id\":\"https:\/\/dvv.hr\/\",\"url\":\"https:\/\/dvv.hr\/\",\"name\":\"Home\"}},{\"@type\":\"ListItem\",\"position\":2,\"item\":{\"@type\":\"WebPage\",\"@id\":\"https:\/\/dvv.hr\/o-nama\/\",\"url\":\"https:\/\/dvv.hr\/o-nama\/\",\"name\":\"O nama\"}}]}]}<\/script>\n<!-- \/ Yoast SEO plugin. -->","_links":{"self":[{"href":"https:\/\/dvv.hr\/en\/wp-json\/wp\/v2\/pages\/10","targetHints":{"allow":["GET"]}}],"collection":[{"href":"https:\/\/dvv.hr\/en\/wp-json\/wp\/v2\/pages"}],"about":[{"href":"https:\/\/dvv.hr\/en\/wp-json\/wp\/v2\/types\/page"}],"author":[{"embeddable":true,"href":"https:\/\/dvv.hr\/en\/wp-json\/wp\/v2\/users\/1"}],"replies":[{"embeddable":true,"href":"https:\/\/dvv.hr\/en\/wp-json\/wp\/v2\/comments?post=10"}],"version-history":[{"count":12,"href":"https:\/\/dvv.hr\/en\/wp-json\/wp\/v2\/pages\/10\/revisions"}],"predecessor-version":[{"id":404,"href":"https:\/\/dvv.hr\/en\/wp-json\/wp\/v2\/pages\/10\/revisions\/404"}],"wp:attachment":[{"href":"https:\/\/dvv.hr\/en\/wp-json\/wp\/v2\/media?parent=10"}],"curies":[{"name":"wp","href":"https:\/\/api.w.org\/{rel}","templated":true}]}}