{"id":15,"date":"2021-04-13T12:57:46","date_gmt":"2021-04-13T12:57:46","guid":{"rendered":"https:\/\/dvv.hr\/?page_id=15"},"modified":"2024-02-26T14:17:11","modified_gmt":"2024-02-26T14:17:11","slug":"projekti","status":"publish","type":"page","link":"https:\/\/dvv.hr\/en\/projekti\/","title":{"rendered":"Projects"},"content":{"rendered":"<p>[et_pb_section fb_built=&#8221;1&#8243; _builder_version=&#8221;4.9.4&#8243; _module_preset=&#8221;default&#8221; background_color=&#8221;#bbc6d4&#8243; custom_margin=&#8221;0px||0px||false|false&#8221; custom_padding=&#8221;10px||0px||false|false&#8221;][et_pb_row _builder_version=&#8221;4.9.4&#8243; _module_preset=&#8221;default&#8221; custom_margin=&#8221;||||false|false&#8221; custom_padding=&#8221;||||false|false&#8221;][et_pb_column type=&#8221;4_4&#8243; _builder_version=&#8221;4.9.4&#8243; _module_preset=&#8221;default&#8221;][et_pb_text _builder_version=&#8221;4.9.4&#8243; _module_preset=&#8221;default&#8221; header_font=&#8221;Montserrat||||||||&#8221; header_text_color=&#8221;#212629&#8243; header_font_size=&#8221;50px&#8221; custom_margin=&#8221;||||false|false&#8221; custom_padding=&#8221;||||false|false&#8221;]<\/p>\n<h1><em>Our projects<\/em><\/h1>\n<p>[\/et_pb_text][\/et_pb_column][\/et_pb_row][\/et_pb_section][et_pb_section fb_built=&#8221;1&#8243; _builder_version=&#8221;4.9.4&#8243; _module_preset=&#8221;default&#8221;][et_pb_row _builder_version=&#8221;4.9.4&#8243; _module_preset=&#8221;default&#8221;][et_pb_column type=&#8221;4_4&#8243; _builder_version=&#8221;4.9.4&#8243; _module_preset=&#8221;default&#8221;][et_pb_text _builder_version=&#8221;4.9.4&#8243; _module_preset=&#8221;default&#8221; text_font=&#8221;Montserrat||||||||&#8221; text_text_color=&#8221;#212629&#8243; header_2_font=&#8221;Montserrat||||||||&#8221; header_2_text_color=&#8221;#929aa6&#8243; custom_margin=&#8221;||-20px|||&#8221;]<\/p>\n<h2><strong>2023:<\/strong><\/h2>\n<ul>\n<li class=\" translation-block\">Design of the technical solution and coordination of the plant connection to the grid for the Photovoltaic power plant More (<strong>1000 kW<\/strong>), MORE, ZAGREB<\/li>\n<li>Airfield Lighting Control and Monitoring System (ALCMS) for the DIEN BIEN Airport (VIETNAM) based on the Siemens S7 PLC and Siemens WinCC SCADA platform, OCEM BOLOGNA, ITALY<\/li>\n<li>Implementation of the control and monitoring system for the gas heat-pump heating station for the waste mud solar drying plant, VODOVOD I KANALIZACIJA, KARLOVAC<\/li>\n<li class=\" translation-block\">Equipment procurement and delivery, installation, testing and start-up of power substation <strong>10(20)\/0,4 kV<\/strong>, DW REUSABLES HUM, HUM NA SUTLI<\/li>\n<li class=\" translation-block\">Equipment procurement and delivery, installation, testing and start-up of the middle-voltage power distribution (<strong>20 kV<\/strong>) and protection cabinet of photovoltaic power plant, DW REUSABLES, VOJNI\u0106<\/li>\n<li class=\" translation-block\">Equipment procurement and delivery, installation, testing and start-up of the reactive power compensation <strong>600 kVAr<\/strong>, DW REUSABLES HUM, HUM NA SUTLI<\/li>\n<li>Reconstruction, installation, testing and start-up of the electrical power supply HLADNJA\u010cE SOBLINEC<\/li>\n<li>Technical solution, equipment procurement and delivery, installation and start-up of the power distribution bord for 12 AC car chargers, COCA COLA, ZAGREB<\/li>\n<\/ul>\n<p>[\/et_pb_text][\/et_pb_column][\/et_pb_row][et_pb_row _builder_version=&#8221;4.9.4&#8243; _module_preset=&#8221;default&#8221;][et_pb_column type=&#8221;4_4&#8243; _builder_version=&#8221;4.9.4&#8243; _module_preset=&#8221;default&#8221;][et_pb_text _builder_version=&#8221;4.9.4&#8243; _module_preset=&#8221;default&#8221; text_font=&#8221;Montserrat||||||||&#8221; text_text_color=&#8221;#212629&#8243; header_2_font=&#8221;Montserrat||||||||&#8221; header_2_text_color=&#8221;#929aa6&#8243; custom_margin=&#8221;||-20px|||&#8221;]<\/p>\n<h2><strong>2022:<\/strong><\/h2>\n<ul>\n<li class=\" translation-block\">Extension of the Testing Facility SET2 <strong>8 MVA<\/strong> with the <strong>333 kV<\/strong> transformer current measurement, KON\u010cAR D&amp;ST, ZAGREB<\/li>\n<li>Extension of the Energy Management System with water consumption, IREKS AROMA, JASTREBARSKO<\/li>\n<li>Extension of the Energy Management System with gas consumption, IREKS AROMA, JASTREBARSKO<\/li>\n<li>Design and implementation of the Energy Management System for the electricity consumption, DRVENJA\u010cA, FU\u017dINE<\/li>\n<li>Design and implementation of the Energy Management System for the electricity consumption, SPA\u010cVA, VINKOVCI<\/li>\n<li>Design and implementation of the Energy Management System for the electricity consumption, DECHRA, SV. NEDELJA<\/li>\n<li class=\" translation-block\">Modernization of the hydraulic press machine Lindermann (1000 tons) with complete revamp of the machine power distribution (<strong>6x90 kW<\/strong>) and control system (Siemens S7), CEZAR, VINKOVCI<\/li>\n<li class=\" translation-block\">Modification of the machine control system to accept new MV contactors for the star-delta starting circuit of the main induction machine (<strong>6 kV, 1 MW<\/strong>), Metso Power Zerdirator, CEZAR, ZAGREB<\/li>\n<li>Extension of the supervisory and control system of geothermal source, RURIS, \u017dUPANJA<\/li>\n<li>Exchange of the speed-controlled DC drive with the speed-controlled AC drive in the cable winder machine Kabel mat which includes change of the machine, inverter and adaptation of the exiting control system, TIM KABEL, ZAGREB<\/li>\n<li>Modernization of the winder machine control system with the new HMI and new function for the control of the cable tension (pneumatic brake), TIM KABEL, ZAGREB<\/li>\n<li class=\" translation-block\">Equipment procurement and delivery, installation, testing and start-up of power substation <strong>10(20)\/0,4 kV<\/strong>, SPAR TS VELIKA GORICA<\/li>\n<\/ul>\n<p>[\/et_pb_text][\/et_pb_column][\/et_pb_row][et_pb_row _builder_version=&#8221;4.9.4&#8243; _module_preset=&#8221;default&#8221;][et_pb_column type=&#8221;4_4&#8243; _builder_version=&#8221;4.9.4&#8243; _module_preset=&#8221;default&#8221;][et_pb_text _builder_version=&#8221;4.9.4&#8243; _module_preset=&#8221;default&#8221; text_font=&#8221;Montserrat||||||||&#8221; text_text_color=&#8221;#212629&#8243; header_2_font=&#8221;Montserrat||||||||&#8221; header_2_text_color=&#8221;#929aa6&#8243; custom_margin=&#8221;||-20px|||&#8221;]<\/p>\n<p><strong><\/strong><\/p>\n<h2><strong>2021:<\/strong><\/h2>\n<ul>\n<li>Automation system upgrade (Siemens S5 to S7) in the container mixer Servolift altogether with the extension of the machine functions, IREKS AROMA, JASTREBARSKO<\/li>\n<li>Engine-generator set replacement (MTU to Jenbacher) in the Natural gas power plant BP CRNAC 1, electrical and control part of the project, BP CRNAC 1, CRNAC<\/li>\n<li>Design and implementation of the generator output power control (fed to the grid) in the Natural gas power plant BP CRNAC 1 in order to maximize power plant total production, BP CRNAC 1, CRNAC<\/li>\n<li>Modernization of the SCADA platform (Siemens TIA V12 to V16) in the Natural gas power plant BP CRNAC 1 altogether with the new control PC stations, BP CRNAC 1, CRNAC<\/li>\n<li class=\" translation-block\">Extension of the Testing Facility SET2 with the control of the disconnector\/grounder Q8-Q11 KON\u010cAR D&amp;ST, ZAGREB<\/li>\n<li>Extension of the Central monitoring and control system of the ammonia compressor station (PLC, SCADA, 10 ammonia compressors) with the new compressors K2 and K8, PODRAVKA (DANICA), KOPRIVNICA<\/li>\n<li>\n<p class=\" translation-block\">Equipment procurement and delivery, installation, testing and start-up of power substation <strong>10(20)\/0,4 kV<\/strong>, SPAR TS KRNJEVO, RIJEKA<\/p>\n<\/li>\n<\/ul>\n<p>[\/et_pb_text][\/et_pb_column][\/et_pb_row][et_pb_row _builder_version=&#8221;4.9.4&#8243; _module_preset=&#8221;default&#8221;][et_pb_column type=&#8221;4_4&#8243; _builder_version=&#8221;4.9.4&#8243; _module_preset=&#8221;default&#8221;][et_pb_text _builder_version=&#8221;4.9.4&#8243; _module_preset=&#8221;default&#8221; text_font=&#8221;Montserrat||||||||&#8221; text_text_color=&#8221;#212629&#8243; header_2_font=&#8221;Montserrat||||||||&#8221; header_2_text_color=&#8221;#929aa6&#8243;]<\/p>\n<h2><strong>2020:<\/strong><\/h2>\n<ul>\n<li>Extension of the supervisory and control system of geothermal source, RURIS, \u017dUPANJA<\/li>\n<li class=\" translation-block\">Design, manufacture, equipment procurement and delivery, installation, testing and start-up of the Testing Facility SET2 <strong>8 MVA<\/strong>, KON\u010cAR D&amp;ST, ZAGREB<\/li>\n<li>Extension of the existing signal lights monitoring system (USS) by integrating the newly installed centerline lights monitoring module, AIRPORT DUBROVNIK<\/li>\n<li>Extension of the Electric energy consumption central supervisory system with the warehouses\u2019 temperature monitoring and notification module, ZVIJEZDA, ZAGREB<\/li>\n<li>System control update of cooler II in the margarine production line, ZVIJEZDA, ZAGREB<\/li>\n<li class=\" translation-block\">Equipment procurement and delivery, installation, testing and start-up of the car charging facility <strong>1*25 kW DC + 1*25 kW AC<\/strong>, AK KOVA\u010cEVI\u0106, ZAGREB<\/li>\n<li>Reconstruction on the Testing Facility SET2 \u2013 remote monitoring and power control system of the Testing Facility SET2, KON\u010cAR D&amp;ST, ZAGREB<\/li>\n<li>Extension of the Power management System (PMS) with the metered values from the power substation TS-2, AIRPORT ZAGREB<\/li>\n<li class=\" translation-block\">Equipment procurement and delivery, installation, testing and start-up of the power substation <strong>10(20)\/0,4 kV, 1*1000 kVA<\/strong>, KON\u010cAR D&amp;ST, ZAGREB<\/li>\n<li>Siemens WinCC SCADA Electric energy consumption central supervisory system migration to FORTENOVA<\/li>\n<li>Power output regulation for biogas power plant Meljani BIO PLIN<\/li>\n<li>Supervision and control of heating \/ cooling system, CITY HALL, NA\u0160ICE<\/li>\n<li>Supervision and control of heating \/ cooling system, MIRTA KONTROL, ZAGREB<\/li>\n<li>Supervision and control of heating \/ cooling system, PUSTARA VI\u0160NJICA, SLATINA<\/li>\n<\/ul>\n<p>[\/et_pb_text][et_pb_text _builder_version=&#8221;4.9.4&#8243; _module_preset=&#8221;default&#8221; text_font=&#8221;Montserrat||||||||&#8221; text_text_color=&#8221;#212629&#8243; header_2_font=&#8221;Montserrat||||||||&#8221; header_2_text_color=&#8221;#929aa6&#8243;]<\/p>\n<h2><strong>2019:<\/strong><\/h2>\n<ul>\n<li class=\" translation-block\">Reconstruction of the LEDO power substation \u2013 Reconstruction design of <strong>TS 10(20)\/0,4 kV, 7*630 kVA to 5*630 kVA + 2*1000 kVA <\/strong>equipment procurement and delivery, installation, testing and start-up<\/li>\n<li>Reconstruction of the control system for Sangati machine, IREKS AROMA, JASTREBARSKO<\/li>\n<li>Monitoring and control system for Vollenda machine, IREKS AROMA, JASTREBARSKO<\/li>\n<li>Design, manufacture, equipment procurement and delivery, installation, testing and start-up of the compressor station power supply and control, PODRAVKA DANICA, KOPRIVNICA<\/li>\n<li>Design and execution of the Central monitoring and control system of the ammonia compressor station (PLC, SCADA, 10 ammonia compressors), PODRAVKA DANICA, KOPRIVNICA<\/li>\n<li>Supervision and control of heating \/ cooling system, AQUA V.M.V, OBEDI\u0160\u0106E JE\u017dEVSKO<\/li>\n<li>Supervision and control of heating \/ cooling system, BEMING, BJELOVAR.<\/li>\n<li>Supervision and control of heating \/ cooling system, Central archives INA, ZAGREB<\/li>\n<li>Supervision and control of heating \/ cooling system, PLANTAK PHARMACIES, SLATINA<\/li>\n<\/ul>\n<p>[\/et_pb_text][et_pb_text _builder_version=&#8221;4.9.4&#8243; _module_preset=&#8221;default&#8221; text_font=&#8221;Montserrat||||||||&#8221; text_text_color=&#8221;#212629&#8243; header_2_font=&#8221;Montserrat||||||||&#8221; header_2_text_color=&#8221;#929aa6&#8243;]<\/p>\n<h2><strong>2018:<\/strong><\/h2>\n<ul>\n<li>Unified monitoring system for 5 photovoltaic power plants at Metkovi\u0107, Pore\u010d, \u0160pin, Topolik and Mitrovac locations, SUN ENERGY<\/li>\n<li>Manufacture, equipment procurement and delivery, installation, testing and start-up of the new refrigerating plant control system, VAJDA, \u010cAKOVEC<\/li>\n<li>Power monitoring and control system for cooling chambers, GLAZIR<\/li>\n<li>SMS monitoring system for meat curing chambers Doleschal, IREKS AROMA, JASTREBARSKO<\/li>\n<li>Extension of the electric energy consumption supervisory system with the T1\/T2\/T3 power substations electric energy meters, LEDO, ZAGREB<\/li>\n<li>Design and delivery of Energy Management System (EMS) \u2013 the System collects, archives and monitors 220 electric energy meters, 64 water and steam meters and 4 nitrogen meters, Pliva PBF facility, PLIVA, ZAGREB<\/li>\n<li>Extension of the Electric energy consumption central supervisory system with the electric energy meters from the margarine facility, warehouse, laboratory and office building, ZVIJEZDA, ZAGREB<\/li>\n<\/ul>\n<p>[\/et_pb_text][et_pb_text _builder_version=&#8221;4.9.4&#8243; _module_preset=&#8221;default&#8221; text_font=&#8221;Montserrat||||||||&#8221; text_text_color=&#8221;#212629&#8243; header_2_font=&#8221;Montserrat||||||||&#8221; header_2_text_color=&#8221;#929aa6&#8243;]<\/p>\n<h2><strong>2017:<\/strong><\/h2>\n<ul>\n<li>Energy monitoring system which controls the signal exchange between the interconnecting HEP facility and biogas power plant Pergament, BJELOPOLJE<\/li>\n<li>Pilot project MES (Manufacturing Execution System) in the tea production line, FRANCK, ZAGREB<\/li>\n<li>Extension of the Power management System (PMS) with the metered values from the old passenger terminal, AIRPORT ZAGREB<\/li>\n<li class=\" translation-block\">Design and equipment procurement and delivery of the low-voltage distribution block for power substation <strong>3*1000 kVA<\/strong> for TS AQUAPARK, MALI LO\u0160INJ<\/li>\n<li class=\" translation-block\">Design and equipment procurement and delivery of the low-voltage distribution block for power substation <strong>400 V, 2*1000 kVA<\/strong> for TS ALHAMBRA, MALI LO\u0160INJ<\/li>\n<li class=\" translation-block\">Reconstruction of the OTP TR\u017dNICA KARLOVAC power substation \u2013\nReconstruction design of TS <strong>10(20)\/0,4 kV, 400 kVA<\/strong>, equipment procurement and delivery, installation, testing and start-up<\/li>\n<li class=\" translation-block\">Equipment procurement and delivery, installation, testing and start-up of the power substation 10(20)\/0,4 kV, 1000 kVA, SPAR RIJEKA, TS RUJEVICA<\/li>\n<li>Supervision and control of pumpkin seeds drying system, ENERGO-TEHNA, GRADEC<\/li>\n<li>Supervision and control of absorption cooling and heating system, M SAN GRUPA, BUZIN<\/li>\n<li class=\" translation-block\">Equipment procurement and delivery, installation, testing and start-up of the middle-voltage distribution block for power substation 10(20)\/0,4 kV, 1*1600 kVA TS \u0160PELI\u0106<\/li>\n<\/ul>\n<p>[\/et_pb_text][et_pb_text _builder_version=&#8221;4.9.4&#8243; _module_preset=&#8221;default&#8221; text_font=&#8221;Montserrat||||||||&#8221; text_text_color=&#8221;#212629&#8243; header_2_font=&#8221;Montserrat||||||||&#8221; header_2_text_color=&#8221;#929aa6&#8243;]<\/p>\n<h2><strong>2016:<\/strong><\/h2>\n<ul>\n<li>Supervision and control of solar cooling and hot water preparation system, THALASSOTHERAPIA, CRIKVENICA<\/li>\n<li class=\" translation-block\">Design, manufacture, equipment procurement and delivery, installation, testing and start-up of the Control station in the Testing Facility, <strong>8 MVA<\/strong>, KON\u010cAR D&amp;ST, ZAGREB<\/li>\n<li>Extension of the electric energy consumption supervisory system with the production lines electric energy meters, LEDO, ZAGREB<\/li>\n<li>Siemens WinCC system migration in the compressor facility INA STRU\u017dEC, work stations and communication equipment replacement and application migration from WinCC V5.1 to V7.3, INA STRU\u017dEC<\/li>\n<li>Supervision and control system for natural gas platforms Edina \u2013 migration of Allen Bradley ControlLogix i FactoryTalk View SE SCADA systems, EDINA<\/li>\n<li>Supervision and control of heating \/ cooling system, HGK, ZAGREB<\/li>\n<li>Supervision and control of heating \/ cooling system, HOPS, OSIJEK<\/li>\n<li>Supervision and control of gas cooling facility, KS \u0160ANDROVAC, INA<\/li>\n<\/ul>\n<p>[\/et_pb_text][et_pb_text _builder_version=&#8221;4.9.4&#8243; _module_preset=&#8221;default&#8221; text_font=&#8221;Montserrat||||||||&#8221; text_text_color=&#8221;#212629&#8243; header_2_font=&#8221;Montserrat||||||||&#8221; header_2_text_color=&#8221;#929aa6&#8243;]<\/p>\n<h2><strong>2015:<\/strong><\/h2>\n<ul>\n<li class=\" translation-block\">Reconstruction of the EMMEZETA STUPNIK power substation for SPAR CROATIA - Reconstruction design of TS <strong>10(20)\/0,4 kV, 1000 kVA<\/strong> (displacement of the meter location), equipment procurement and delivery, installation, testing and start-up<\/li>\n<li class=\" translation-block\">Reconstruction of the HEP GOSPI\u0106 SVETI ROK power substation \u2013\nReconstruction design of TS <strong>10(20)\/0,4 kV, 1000 kVA<\/strong>, equipment procurement and delivery, installation, testing and start-up<\/li>\n<li class=\" translation-block\">Reconstruction of the BRODARSKI INSTITUT ZAGREB power substation \u2013\nReconstruction design of TS <strong>10(20)\/0,4 kV, 2000 kVA<\/strong>, equipment procurement and delivery, installation, testing and start-up<\/li>\n<li class=\" translation-block\">Design process management, equipment procurement and delivery, installation, testing and start-up of power substation TS <strong>35\/10(20) kV, 8 MVA<\/strong> and 2 TS 10(20)\/0,4 kV, 2*1000 kVA, FERRO-PREIS, \u010cAKOVEC<\/li>\n<li>Induction furnace power control system for peak power demand regulation, FERRO-PREIS, \u010cAKOVEC<\/li>\n<li class=\" translation-block\">Reconstruction of the CCO ZAGREB EAST power substation for SPAR CROATIA \u2013 Reconstruction design of TS <strong>10(20)\/0,4 kV, 1000 kVA <\/strong>(displacement of the metering location), equipment procurement and delivery, installation, testing and start-up<\/li>\n<li class=\" translation-block\">Reconstruction of the CCO SPLIT power substation for SPAR CROATIA \u2013 Reconstruction design of TS <strong>10(20)\/0,4 kV, 1000 kVA<\/strong> (izmjena mjesta mjerenja), (displacement of the metering location), equipment procurement and delivery, installation, testing and start-up<\/li>\n<li class=\" translation-block\">Reconstruction of the FABRIKOR SPLIT power substation \u2013 Reconstruction design of TS <strong>10(20)\/0,4 kV, 2*1000 kVA<\/strong> (displacement of the meter location), equipment procurement and delivery, installation, testing and start-up<\/li>\n<li class=\" translation-block\">Design, manufacture, equipment procurement and delivery, installation, testing and start-up of low-voltage power-supply distribution block for GENSET, rated current <strong>1000 A<\/strong>, BUSINESS PARK ZAGREB, SPAR CROATIA<\/li>\n<li class=\" translation-block\">Construction drawings development for biogas power plant Pergament, <strong>1,2 MVA<\/strong>, BJELOPOLJE<\/li>\n<li>System control for Extruder Gram machine, LEDO, ZAGREB<\/li>\n<li>System control for ice-cream packaging machine, LEDO, ZAGREB.<\/li>\n<li>Supervision and control of geothermal source RURIS, \u017dUPANJA<\/li>\n<li>Supervision and control of absorption solar cooling system, VODOVOD, DUBROVNIK<\/li>\n<li>Supervision and control of heating \/ cooling system, HOTEL VILA ROVA, MALINSKA<\/li>\n<li>Power management System (PMS) for supervision and control of middle-voltage and low-voltage facilities of new passenger terminal, AIRPORT ZAGREB<\/li>\n<li>Electric energy consumption central supervisory system, ZVIJEZDA, ZAGREB<\/li>\n<\/ul>\n<p>[\/et_pb_text][\/et_pb_column][\/et_pb_row][\/et_pb_section]<\/p>","protected":false},"excerpt":{"rendered":"<p>[et_pb_section fb_built=&#8221;1&#8243; _builder_version=&#8221;4.9.4&#8243; _module_preset=&#8221;default&#8221; background_color=&#8221;#bbc6d4&#8243; custom_margin=&#8221;0px||0px||false|false&#8221; custom_padding=&#8221;10px||0px||false|false&#8221;][et_pb_row _builder_version=&#8221;4.9.4&#8243; _module_preset=&#8221;default&#8221; custom_margin=&#8221;||||false|false&#8221; custom_padding=&#8221;||||false|false&#8221;][et_pb_column type=&#8221;4_4&#8243; _builder_version=&#8221;4.9.4&#8243; _module_preset=&#8221;default&#8221;][et_pb_text _builder_version=&#8221;4.9.4&#8243; _module_preset=&#8221;default&#8221; header_font=&#8221;Montserrat||||||||&#8221; header_text_color=&#8221;#212629&#8243; header_font_size=&#8221;50px&#8221; custom_margin=&#8221;||||false|false&#8221; custom_padding=&#8221;||||false|false&#8221;] Na\u0161i projekti [\/et_pb_text][\/et_pb_column][\/et_pb_row][\/et_pb_section][et_pb_section fb_built=&#8221;1&#8243; _builder_version=&#8221;4.9.4&#8243; _module_preset=&#8221;default&#8221;][et_pb_row _builder_version=&#8221;4.9.4&#8243; _module_preset=&#8221;default&#8221;][et_pb_column type=&#8221;4_4&#8243; _builder_version=&#8221;4.9.4&#8243; _module_preset=&#8221;default&#8221;][et_pb_text _builder_version=&#8221;4.9.4&#8243; _module_preset=&#8221;default&#8221; text_font=&#8221;Montserrat||||||||&#8221; text_text_color=&#8221;#212629&#8243; header_2_font=&#8221;Montserrat||||||||&#8221; header_2_text_color=&#8221;#929aa6&#8243; custom_margin=&#8221;||-20px|||&#8221;] 2023: Definiranje tehni\u010dkog rje\u0161enja te koordinacija priklju\u010dka Sun\u010dane elektrane More (1000 kW) koja uklju\u010duje upravljanje snagom [&hellip;]<\/p>","protected":false},"author":1,"featured_media":0,"parent":0,"menu_order":0,"comment_status":"closed","ping_status":"closed","template":"","meta":{"_et_pb_use_builder":"on","_et_pb_old_content":"","_et_gb_content_width":"","footnotes":""},"class_list":["post-15","page","type-page","status-publish","hentry"],"yoast_head":"<!-- This site is optimized with the Yoast SEO plugin v16.1.1 - https:\/\/yoast.com\/wordpress\/plugins\/seo\/ -->\n<title>D.V.V. d.o.o. | Projekti | Technical and Business Services<\/title>\n<meta name=\"description\" content=\"Kao dokaz na\u0161e kvalitete, provjerite veliki broj projekata na kojima smo uspje\u0161no radili posljednjih godina!\" \/>\n<link rel=\"canonical\" href=\"https:\/\/dvv.hr\/en\/projekti\/\" \/>\n<meta property=\"og:locale\" content=\"en_GB\" \/>\n<meta property=\"og:type\" content=\"article\" \/>\n<meta property=\"og:title\" content=\"D.V.V. d.o.o. | Projekti | Technical and Business Services\" \/>\n<meta property=\"og:description\" content=\"Kao dokaz na\u0161e kvalitete, provjerite veliki broj projekata na kojima smo uspje\u0161no radili posljednjih godina!\" \/>\n<meta property=\"og:url\" content=\"https:\/\/dvv.hr\/en\/projekti\/\" \/>\n<meta property=\"og:site_name\" content=\"D.V.V. d.o.o.\" \/>\n<meta property=\"article:modified_time\" content=\"2024-02-26T14:17:11+00:00\" \/>\n<meta name=\"twitter:card\" content=\"summary_large_image\" \/>\n<meta name=\"twitter:label1\" content=\"Estimated reading time\">\n\t<meta name=\"twitter:data1\" content=\"6 minutes\">\n<script type=\"application\/ld+json\" class=\"yoast-schema-graph\">{\"@context\":\"https:\/\/schema.org\",\"@graph\":[{\"@type\":\"Organization\",\"@id\":\"https:\/\/dvv.hr\/#organization\",\"name\":\"D.V.V. d.o.o.\",\"url\":\"https:\/\/dvv.hr\/\",\"sameAs\":[],\"logo\":{\"@type\":\"ImageObject\",\"@id\":\"https:\/\/dvv.hr\/#logo\",\"inLanguage\":\"en-GB\",\"url\":\"https:\/\/dvv.hr\/wp-content\/uploads\/2021\/04\/dvv_logo.png\",\"contentUrl\":\"https:\/\/dvv.hr\/wp-content\/uploads\/2021\/04\/dvv_logo.png\",\"width\":209,\"height\":62,\"caption\":\"D.V.V. d.o.o.\"},\"image\":{\"@id\":\"https:\/\/dvv.hr\/#logo\"}},{\"@type\":\"WebSite\",\"@id\":\"https:\/\/dvv.hr\/#website\",\"url\":\"https:\/\/dvv.hr\/\",\"name\":\"D.V.V. d.o.o.\",\"description\":\"Technical and Business Services\",\"publisher\":{\"@id\":\"https:\/\/dvv.hr\/#organization\"},\"potentialAction\":[{\"@type\":\"SearchAction\",\"target\":\"https:\/\/dvv.hr\/?s={search_term_string}\",\"query-input\":\"required name=search_term_string\"}],\"inLanguage\":\"en-GB\"},{\"@type\":\"WebPage\",\"@id\":\"https:\/\/dvv.hr\/projekti\/#webpage\",\"url\":\"https:\/\/dvv.hr\/projekti\/\",\"name\":\"D.V.V. d.o.o. | Projekti | Technical and Business Services\",\"isPartOf\":{\"@id\":\"https:\/\/dvv.hr\/#website\"},\"datePublished\":\"2021-04-13T12:57:46+00:00\",\"dateModified\":\"2024-02-26T14:17:11+00:00\",\"description\":\"Kao dokaz na\\u0161e kvalitete, provjerite veliki broj projekata na kojima smo uspje\\u0161no radili posljednjih godina!\",\"breadcrumb\":{\"@id\":\"https:\/\/dvv.hr\/projekti\/#breadcrumb\"},\"inLanguage\":\"en-GB\",\"potentialAction\":[{\"@type\":\"ReadAction\",\"target\":[\"https:\/\/dvv.hr\/projekti\/\"]}]},{\"@type\":\"BreadcrumbList\",\"@id\":\"https:\/\/dvv.hr\/projekti\/#breadcrumb\",\"itemListElement\":[{\"@type\":\"ListItem\",\"position\":1,\"item\":{\"@type\":\"WebPage\",\"@id\":\"https:\/\/dvv.hr\/\",\"url\":\"https:\/\/dvv.hr\/\",\"name\":\"Home\"}},{\"@type\":\"ListItem\",\"position\":2,\"item\":{\"@type\":\"WebPage\",\"@id\":\"https:\/\/dvv.hr\/projekti\/\",\"url\":\"https:\/\/dvv.hr\/projekti\/\",\"name\":\"Projekti\"}}]}]}<\/script>\n<!-- \/ Yoast SEO plugin. -->","_links":{"self":[{"href":"https:\/\/dvv.hr\/en\/wp-json\/wp\/v2\/pages\/15","targetHints":{"allow":["GET"]}}],"collection":[{"href":"https:\/\/dvv.hr\/en\/wp-json\/wp\/v2\/pages"}],"about":[{"href":"https:\/\/dvv.hr\/en\/wp-json\/wp\/v2\/types\/page"}],"author":[{"embeddable":true,"href":"https:\/\/dvv.hr\/en\/wp-json\/wp\/v2\/users\/1"}],"replies":[{"embeddable":true,"href":"https:\/\/dvv.hr\/en\/wp-json\/wp\/v2\/comments?post=15"}],"version-history":[{"count":31,"href":"https:\/\/dvv.hr\/en\/wp-json\/wp\/v2\/pages\/15\/revisions"}],"predecessor-version":[{"id":622,"href":"https:\/\/dvv.hr\/en\/wp-json\/wp\/v2\/pages\/15\/revisions\/622"}],"wp:attachment":[{"href":"https:\/\/dvv.hr\/en\/wp-json\/wp\/v2\/media?parent=15"}],"curies":[{"name":"wp","href":"https:\/\/api.w.org\/{rel}","templated":true}]}}