{"id":23,"date":"2021-04-13T12:59:25","date_gmt":"2021-04-13T12:59:25","guid":{"rendered":"https:\/\/dvv.hr\/?page_id=23"},"modified":"2024-02-13T13:12:28","modified_gmt":"2024-02-13T13:12:28","slug":"kontakt","status":"publish","type":"page","link":"https:\/\/dvv.hr\/en\/kontakt\/","title":{"rendered":"Contact"},"content":{"rendered":"<p>[et_pb_section fb_built=&#8221;1&#8243; _builder_version=&#8221;4.9.4&#8243; _module_preset=&#8221;default&#8221; background_color=&#8221;#bbc6d4&#8243; custom_margin=&#8221;0px||0px||false|false&#8221; custom_padding=&#8221;10px||0px||false|false&#8221;][et_pb_row _builder_version=&#8221;4.9.4&#8243; _module_preset=&#8221;default&#8221;][et_pb_column type=&#8221;4_4&#8243; _builder_version=&#8221;4.9.4&#8243; _module_preset=&#8221;default&#8221;][et_pb_text _builder_version=&#8221;4.9.4&#8243; _module_preset=&#8221;default&#8221; header_font=&#8221;Montserrat||||||||&#8221; header_text_color=&#8221;#212629&#8243; header_font_size=&#8221;50px&#8221;]<\/p>\n<h1><em>Contact<\/em><\/h1>\n<p>[\/et_pb_text][\/et_pb_column][\/et_pb_row][\/et_pb_section][et_pb_section fb_built=&#8221;1&#8243; _builder_version=&#8221;4.9.4&#8243; _module_preset=&#8221;default&#8221;][et_pb_row _builder_version=&#8221;4.9.4&#8243; _module_preset=&#8221;default&#8221;][et_pb_column type=&#8221;4_4&#8243; _builder_version=&#8221;4.9.4&#8243; _module_preset=&#8221;default&#8221;][et_pb_text _builder_version=&#8221;4.9.4&#8243; _module_preset=&#8221;default&#8221; header_2_font=&#8221;Montserrat||||||||&#8221; header_2_text_color=&#8221;#929aa6&#8243; custom_margin=&#8221;||||false|false&#8221; custom_padding=&#8221;||||false|false&#8221;]<\/p>\n<h2><strong>If you have any questions, feel free to contact us:<\/strong><\/h2>\n<p>[\/et_pb_text][et_pb_contact_form email=&#8221;tanja.poljugan@dvv.hr&#8221; custom_message=&#8221;Od: %%Name%%, poslano sa adrese %%Email%%||et_pb_line_break_holder||Naslov poruke: %%Subject%% ||et_pb_line_break_holder||Poruka: %%Message%% &#8221; success_message=&#8221;Poruka je uspje\u0161no poslana!&#8221; submit_button_text=&#8221;Po\u0161alji&#8221; _builder_version=&#8221;4.9.4&#8243; _module_preset=&#8221;default&#8221; title_text_color=&#8221;#929aa6&#8243; captcha_font=&#8221;Montserrat||||||||&#8221; captcha_text_color=&#8221;#929aa6&#8243; captcha_font_size=&#8221;16px&#8221; form_field_font_size=&#8221;16px&#8221; custom_button=&#8221;on&#8221; button_text_color=&#8221;#929aa6&#8243; hover_enabled=&#8221;0&#8243; captcha_font_size_tablet=&#8221;&#8221; captcha_font_size_phone=&#8221;16px&#8221; captcha_font_size_last_edited=&#8221;on|desktop&#8221; sticky_enabled=&#8221;0&#8243;][et_pb_contact_field field_id=&#8221;Name&#8221; field_title=&#8221;Va\u0161e ime i prezime&#8221; fullwidth_field=&#8221;on&#8221; _builder_version=&#8221;4.9.4&#8243; text_orientation=&#8221;left&#8221; button_text_size__hover_enabled=&#8221;off&#8221; button_one_text_size__hover_enabled=&#8221;off&#8221; button_two_text_size__hover_enabled=&#8221;off&#8221; button_text_color__hover_enabled=&#8221;off&#8221; button_one_text_color__hover_enabled=&#8221;off&#8221; button_two_text_color__hover_enabled=&#8221;off&#8221; button_border_width__hover_enabled=&#8221;off&#8221; button_one_border_width__hover_enabled=&#8221;off&#8221; button_two_border_width__hover_enabled=&#8221;off&#8221; button_border_color__hover_enabled=&#8221;off&#8221; button_one_border_color__hover_enabled=&#8221;off&#8221; button_two_border_color__hover_enabled=&#8221;off&#8221; button_border_radius__hover_enabled=&#8221;off&#8221; button_one_border_radius__hover_enabled=&#8221;off&#8221; button_two_border_radius__hover_enabled=&#8221;off&#8221; button_letter_spacing__hover_enabled=&#8221;off&#8221; button_one_letter_spacing__hover_enabled=&#8221;off&#8221; button_two_letter_spacing__hover_enabled=&#8221;off&#8221; button_bg_color__hover_enabled=&#8221;off&#8221; button_one_bg_color__hover_enabled=&#8221;off&#8221; button_two_bg_color__hover_enabled=&#8221;off&#8221;][\/et_pb_contact_field][et_pb_contact_field field_id=&#8221;Email&#8221; field_title=&#8221;Va\u0161a e-mail adresa&#8221; field_type=&#8221;email&#8221; fullwidth_field=&#8221;on&#8221; _builder_version=&#8221;4.9.4&#8243; button_text_size__hover_enabled=&#8221;off&#8221; button_one_text_size__hover_enabled=&#8221;off&#8221; button_two_text_size__hover_enabled=&#8221;off&#8221; button_text_color__hover_enabled=&#8221;off&#8221; button_one_text_color__hover_enabled=&#8221;off&#8221; button_two_text_color__hover_enabled=&#8221;off&#8221; button_border_width__hover_enabled=&#8221;off&#8221; button_one_border_width__hover_enabled=&#8221;off&#8221; button_two_border_width__hover_enabled=&#8221;off&#8221; button_border_color__hover_enabled=&#8221;off&#8221; button_one_border_color__hover_enabled=&#8221;off&#8221; button_two_border_color__hover_enabled=&#8221;off&#8221; button_border_radius__hover_enabled=&#8221;off&#8221; button_one_border_radius__hover_enabled=&#8221;off&#8221; button_two_border_radius__hover_enabled=&#8221;off&#8221; button_letter_spacing__hover_enabled=&#8221;off&#8221; button_one_letter_spacing__hover_enabled=&#8221;off&#8221; button_two_letter_spacing__hover_enabled=&#8221;off&#8221; button_bg_color__hover_enabled=&#8221;off&#8221; button_one_bg_color__hover_enabled=&#8221;off&#8221; button_two_bg_color__hover_enabled=&#8221;off&#8221;][\/et_pb_contact_field][et_pb_contact_field field_id=&#8221;Subject&#8221; field_title=&#8221;Naslov poruke&#8221; fullwidth_field=&#8221;on&#8221; _builder_version=&#8221;4.9.4&#8243; button_text_size__hover_enabled=&#8221;off&#8221; button_one_text_size__hover_enabled=&#8221;off&#8221; button_two_text_size__hover_enabled=&#8221;off&#8221; button_text_color__hover_enabled=&#8221;off&#8221; button_one_text_color__hover_enabled=&#8221;off&#8221; button_two_text_color__hover_enabled=&#8221;off&#8221; button_border_width__hover_enabled=&#8221;off&#8221; button_one_border_width__hover_enabled=&#8221;off&#8221; button_two_border_width__hover_enabled=&#8221;off&#8221; button_border_color__hover_enabled=&#8221;off&#8221; button_one_border_color__hover_enabled=&#8221;off&#8221; button_two_border_color__hover_enabled=&#8221;off&#8221; button_border_radius__hover_enabled=&#8221;off&#8221; button_one_border_radius__hover_enabled=&#8221;off&#8221; button_two_border_radius__hover_enabled=&#8221;off&#8221; button_letter_spacing__hover_enabled=&#8221;off&#8221; button_one_letter_spacing__hover_enabled=&#8221;off&#8221; button_two_letter_spacing__hover_enabled=&#8221;off&#8221; button_bg_color__hover_enabled=&#8221;off&#8221; button_one_bg_color__hover_enabled=&#8221;off&#8221; button_two_bg_color__hover_enabled=&#8221;off&#8221;][\/et_pb_contact_field][et_pb_contact_field field_id=&#8221;Message&#8221; field_title=&#8221;Va\u0161a poruka&#8221; field_type=&#8221;text&#8221; fullwidth_field=&#8221;on&#8221; _builder_version=&#8221;4.9.4&#8243; form_field_font_size=&#8221;16px&#8221; button_text_size__hover_enabled=&#8221;off&#8221; button_one_text_size__hover_enabled=&#8221;off&#8221; button_two_text_size__hover_enabled=&#8221;off&#8221; button_text_color__hover_enabled=&#8221;off&#8221; button_one_text_color__hover_enabled=&#8221;off&#8221; button_two_text_color__hover_enabled=&#8221;off&#8221; button_border_width__hover_enabled=&#8221;off&#8221; button_one_border_width__hover_enabled=&#8221;off&#8221; button_two_border_width__hover_enabled=&#8221;off&#8221; button_border_color__hover_enabled=&#8221;off&#8221; button_one_border_color__hover_enabled=&#8221;off&#8221; button_two_border_color__hover_enabled=&#8221;off&#8221; button_border_radius__hover_enabled=&#8221;off&#8221; button_one_border_radius__hover_enabled=&#8221;off&#8221; button_two_border_radius__hover_enabled=&#8221;off&#8221; button_letter_spacing__hover_enabled=&#8221;off&#8221; button_one_letter_spacing__hover_enabled=&#8221;off&#8221; button_two_letter_spacing__hover_enabled=&#8221;off&#8221; button_bg_color__hover_enabled=&#8221;off&#8221; button_one_bg_color__hover_enabled=&#8221;off&#8221; button_two_bg_color__hover_enabled=&#8221;off&#8221;][\/et_pb_contact_field][et_pb_contact_field field_id=&#8221;Field_5&#8243; field_title=&#8221; &#8221; field_type=&#8221;checkbox&#8221; checkbox_options=&#8221;%91{%22value%22:%22 Prihva\u0107anjem uvjeta kori\u0161tenja sam svjestan da D.V.V. d.o.o. zadr\u017eava moje podatke te je du\u017ean odgovoriti na moj zahtjev unutar 30 dana. %22,%22checked%22:0,%22dragID%22:-1,%22link_url%22:%22https:\/\/dvv.hr\/politika-privatnosti\/%22,%22link_text%22:%22Uvjeti kori\u0161tenja%22}%93&#8243; fullwidth_field=&#8221;on&#8221; _builder_version=&#8221;4.9.4&#8243; _module_preset=&#8221;default&#8221; form_field_text_color=&#8221;#212629&#8243; form_field_font_size=&#8221;16px&#8221;][\/et_pb_contact_field][\/et_pb_contact_form][\/et_pb_column][\/et_pb_row][et_pb_row _builder_version=&#8221;4.9.4&#8243; _module_preset=&#8221;default&#8221; custom_margin=&#8221;||0px||false|false&#8221; custom_padding=&#8221;||0px||false|false&#8221;][et_pb_column type=&#8221;4_4&#8243; _builder_version=&#8221;4.9.4&#8243; _module_preset=&#8221;default&#8221;][et_pb_text _builder_version=&#8221;4.9.4&#8243; _module_preset=&#8221;default&#8221; header_2_font=&#8221;Montserrat||||||||&#8221; header_2_text_color=&#8221;#929aa6&#8243; custom_margin=&#8221;||||false|false&#8221; custom_padding=&#8221;||||false|false&#8221;]<\/p>\n<h2><strong>Our location:<\/strong><\/h2>\n<p>[\/et_pb_text][\/et_pb_column][\/et_pb_row][et_pb_row _builder_version=&#8221;4.9.4&#8243; _module_preset=&#8221;default&#8221;][et_pb_column type=&#8221;4_4&#8243; _builder_version=&#8221;4.9.4&#8243; _module_preset=&#8221;default&#8221;][et_pb_code _builder_version=&#8221;4.9.4&#8243; _module_preset=&#8221;default&#8221;]<iframe loading=\"lazy\" style=\"border: 0;\" src=\"https:\/\/www.google.com\/maps\/embed?pb=!1m18!1m12!1m3!1d2781.6237472518446!2d15.897132615775089!3d45.798765119077224!2m3!1f0!2f0!3f0!3m2!1i1024!2i768!4f13.1!3m3!1m2!1s0x4765d142f8f4cc0b%3A0x37cbbee76d5616f3!2sUl.%20Slavka%20Batu%C5%A1i%C4%87a%2027%2C%2010000%2C%20Zagreb!5e0!3m2!1sen!2shr!4v1618496996120!5m2!1sen!2shr\" width=\"100%\" height=\"450\" allowfullscreen=\"allowfullscreen\"><\/iframe>[\/et_pb_code][\/et_pb_column][\/et_pb_row][\/et_pb_section]<\/p>","protected":false},"excerpt":{"rendered":"<p>[et_pb_section fb_built=&#8221;1&#8243; _builder_version=&#8221;4.9.4&#8243; _module_preset=&#8221;default&#8221; background_color=&#8221;#bbc6d4&#8243; custom_margin=&#8221;0px||0px||false|false&#8221; custom_padding=&#8221;10px||0px||false|false&#8221;][et_pb_row _builder_version=&#8221;4.9.4&#8243; _module_preset=&#8221;default&#8221;][et_pb_column type=&#8221;4_4&#8243; _builder_version=&#8221;4.9.4&#8243; _module_preset=&#8221;default&#8221;][et_pb_text _builder_version=&#8221;4.9.4&#8243; _module_preset=&#8221;default&#8221; header_font=&#8221;Montserrat||||||||&#8221; header_text_color=&#8221;#212629&#8243; header_font_size=&#8221;50px&#8221;] Kontakt [\/et_pb_text][\/et_pb_column][\/et_pb_row][\/et_pb_section][et_pb_section fb_built=&#8221;1&#8243; _builder_version=&#8221;4.9.4&#8243; _module_preset=&#8221;default&#8221;][et_pb_row _builder_version=&#8221;4.9.4&#8243; _module_preset=&#8221;default&#8221;][et_pb_column type=&#8221;4_4&#8243; _builder_version=&#8221;4.9.4&#8243; _module_preset=&#8221;default&#8221;][et_pb_text _builder_version=&#8221;4.9.4&#8243; _module_preset=&#8221;default&#8221; header_2_font=&#8221;Montserrat||||||||&#8221; header_2_text_color=&#8221;#929aa6&#8243; custom_margin=&#8221;||||false|false&#8221; custom_padding=&#8221;||||false|false&#8221;] Za sve va\u0161e upite, slobodno nas kontaktirajte: [\/et_pb_text][et_pb_contact_form email=&#8221;tanja.poljugan@dvv.hr&#8221; custom_message=&#8221;Od: %%Name%%, poslano sa adrese %%Email%%||et_pb_line_break_holder||Naslov poruke: %%Subject%% ||et_pb_line_break_holder||Poruka: %%Message%% &#8221; success_message=&#8221;Poruka je [&hellip;]<\/p>","protected":false},"author":1,"featured_media":0,"parent":0,"menu_order":0,"comment_status":"closed","ping_status":"closed","template":"","meta":{"_et_pb_use_builder":"on","_et_pb_old_content":"","_et_gb_content_width":"","footnotes":""},"class_list":["post-23","page","type-page","status-publish","hentry"],"yoast_head":"<!-- This site is optimized with the Yoast SEO plugin v16.1.1 - https:\/\/yoast.com\/wordpress\/plugins\/seo\/ -->\n<title>D.V.V. d.o.o. | Kontakt | Technical and Business Services<\/title>\n<meta name=\"description\" content=\"D.V.V. d.o.o. | Adresa: S. Batu\u0161i\u0107a 27, 10090 Zagreb, Hrvatska | Tel: +385 1 3894 616 | Email: dvv@dvv.hr ili ispunite na\u0161u kontakt formu.\" \/>\n<link rel=\"canonical\" href=\"https:\/\/dvv.hr\/en\/kontakt\/\" \/>\n<meta property=\"og:locale\" content=\"en_GB\" \/>\n<meta property=\"og:type\" content=\"article\" \/>\n<meta property=\"og:title\" content=\"D.V.V. d.o.o. | Kontakt | Technical and Business Services\" \/>\n<meta property=\"og:description\" content=\"D.V.V. d.o.o. | Adresa: S. Batu\u0161i\u0107a 27, 10090 Zagreb, Hrvatska | Tel: +385 1 3894 616 | Email: dvv@dvv.hr ili ispunite na\u0161u kontakt formu.\" \/>\n<meta property=\"og:url\" content=\"https:\/\/dvv.hr\/en\/kontakt\/\" \/>\n<meta property=\"og:site_name\" content=\"D.V.V. d.o.o.\" \/>\n<meta property=\"article:modified_time\" content=\"2024-02-13T13:12:28+00:00\" \/>\n<meta name=\"twitter:card\" content=\"summary_large_image\" \/>\n<meta name=\"twitter:label1\" content=\"Estimated reading time\">\n\t<meta name=\"twitter:data1\" content=\"2 minutes\">\n<script type=\"application\/ld+json\" class=\"yoast-schema-graph\">{\"@context\":\"https:\/\/schema.org\",\"@graph\":[{\"@type\":\"Organization\",\"@id\":\"https:\/\/dvv.hr\/#organization\",\"name\":\"D.V.V. d.o.o.\",\"url\":\"https:\/\/dvv.hr\/\",\"sameAs\":[],\"logo\":{\"@type\":\"ImageObject\",\"@id\":\"https:\/\/dvv.hr\/#logo\",\"inLanguage\":\"en-GB\",\"url\":\"https:\/\/dvv.hr\/wp-content\/uploads\/2021\/04\/dvv_logo.png\",\"contentUrl\":\"https:\/\/dvv.hr\/wp-content\/uploads\/2021\/04\/dvv_logo.png\",\"width\":209,\"height\":62,\"caption\":\"D.V.V. d.o.o.\"},\"image\":{\"@id\":\"https:\/\/dvv.hr\/#logo\"}},{\"@type\":\"WebSite\",\"@id\":\"https:\/\/dvv.hr\/#website\",\"url\":\"https:\/\/dvv.hr\/\",\"name\":\"D.V.V. d.o.o.\",\"description\":\"Technical and Business Services\",\"publisher\":{\"@id\":\"https:\/\/dvv.hr\/#organization\"},\"potentialAction\":[{\"@type\":\"SearchAction\",\"target\":\"https:\/\/dvv.hr\/?s={search_term_string}\",\"query-input\":\"required name=search_term_string\"}],\"inLanguage\":\"en-GB\"},{\"@type\":\"WebPage\",\"@id\":\"https:\/\/dvv.hr\/kontakt\/#webpage\",\"url\":\"https:\/\/dvv.hr\/kontakt\/\",\"name\":\"D.V.V. d.o.o. | Kontakt | Technical and Business Services\",\"isPartOf\":{\"@id\":\"https:\/\/dvv.hr\/#website\"},\"datePublished\":\"2021-04-13T12:59:25+00:00\",\"dateModified\":\"2024-02-13T13:12:28+00:00\",\"description\":\"D.V.V. d.o.o. | Adresa: S. Batu\\u0161i\\u0107a 27, 10090 Zagreb, Hrvatska | Tel: +385 1 3894 616 | Email: dvv@dvv.hr ili ispunite na\\u0161u kontakt formu.\",\"breadcrumb\":{\"@id\":\"https:\/\/dvv.hr\/kontakt\/#breadcrumb\"},\"inLanguage\":\"en-GB\",\"potentialAction\":[{\"@type\":\"ReadAction\",\"target\":[\"https:\/\/dvv.hr\/kontakt\/\"]}]},{\"@type\":\"BreadcrumbList\",\"@id\":\"https:\/\/dvv.hr\/kontakt\/#breadcrumb\",\"itemListElement\":[{\"@type\":\"ListItem\",\"position\":1,\"item\":{\"@type\":\"WebPage\",\"@id\":\"https:\/\/dvv.hr\/\",\"url\":\"https:\/\/dvv.hr\/\",\"name\":\"Home\"}},{\"@type\":\"ListItem\",\"position\":2,\"item\":{\"@type\":\"WebPage\",\"@id\":\"https:\/\/dvv.hr\/kontakt\/\",\"url\":\"https:\/\/dvv.hr\/kontakt\/\",\"name\":\"Kontakt\"}}]}]}<\/script>\n<!-- \/ Yoast SEO plugin. -->","_links":{"self":[{"href":"https:\/\/dvv.hr\/en\/wp-json\/wp\/v2\/pages\/23","targetHints":{"allow":["GET"]}}],"collection":[{"href":"https:\/\/dvv.hr\/en\/wp-json\/wp\/v2\/pages"}],"about":[{"href":"https:\/\/dvv.hr\/en\/wp-json\/wp\/v2\/types\/page"}],"author":[{"embeddable":true,"href":"https:\/\/dvv.hr\/en\/wp-json\/wp\/v2\/users\/1"}],"replies":[{"embeddable":true,"href":"https:\/\/dvv.hr\/en\/wp-json\/wp\/v2\/comments?post=23"}],"version-history":[{"count":31,"href":"https:\/\/dvv.hr\/en\/wp-json\/wp\/v2\/pages\/23\/revisions"}],"predecessor-version":[{"id":593,"href":"https:\/\/dvv.hr\/en\/wp-json\/wp\/v2\/pages\/23\/revisions\/593"}],"wp:attachment":[{"href":"https:\/\/dvv.hr\/en\/wp-json\/wp\/v2\/media?parent=23"}],"curies":[{"name":"wp","href":"https:\/\/api.w.org\/{rel}","templated":true}]}}