{"id":31,"date":"2021-04-13T13:01:36","date_gmt":"2021-04-13T13:01:36","guid":{"rendered":"https:\/\/dvv.hr\/?page_id=31"},"modified":"2024-02-27T14:04:50","modified_gmt":"2024-02-27T14:04:50","slug":"osnovne-informacije-o-firmi","status":"publish","type":"page","link":"https:\/\/dvv.hr\/en\/osnovne-informacije-o-firmi\/","title":{"rendered":"Basic information about company"},"content":{"rendered":"<p>[et_pb_section fb_built=&#8221;1&#8243; _builder_version=&#8221;4.9.4&#8243; _module_preset=&#8221;default&#8221; background_color=&#8221;#bbc6d4&#8243; custom_margin=&#8221;0px||0px||false|false&#8221; custom_padding=&#8221;10px||0px||false|false&#8221; border_width_bottom=&#8221;1px&#8221; border_color_bottom=&#8221;#a8c0ce&#8221;][et_pb_row _builder_version=&#8221;4.9.3&#8243; _module_preset=&#8221;default&#8221;][et_pb_column type=&#8221;4_4&#8243; _builder_version=&#8221;4.9.3&#8243; _module_preset=&#8221;default&#8221;][et_pb_text _builder_version=&#8221;4.9.4&#8243; _module_preset=&#8221;default&#8221; header_font=&#8221;Montserrat||on||||||&#8221; header_text_color=&#8221;#212629&#8243; header_font_size=&#8221;50px&#8221; header_6_font=&#8221;Montserrat||on||||||&#8221; header_6_font_size=&#8221;24px&#8221;]<\/p>\n<h1>Basic information about company<\/h1>\n<p>[\/et_pb_text][\/et_pb_column][\/et_pb_row][\/et_pb_section][et_pb_section fb_built=&#8221;1&#8243; _builder_version=&#8221;4.9.3&#8243; _module_preset=&#8221;default&#8221;][et_pb_row column_structure=&#8221;1_2,1_2&#8243; _builder_version=&#8221;4.9.3&#8243; _module_preset=&#8221;default&#8221;][et_pb_column type=&#8221;1_2&#8243; _builder_version=&#8221;4.9.3&#8243; _module_preset=&#8221;default&#8221;][et_pb_text _builder_version=&#8221;4.9.4&#8243; _module_preset=&#8221;default&#8221; text_font=&#8221;Montserrat||||||||&#8221; text_text_color=&#8221;#212629&#8243; header_font=&#8221;Montserrat||||||||&#8221; header_text_color=&#8221;#a8c0ce&#8221; header_2_font=&#8221;Montserrat||||||||&#8221; header_2_text_color=&#8221;#929aa6&#8243;]<\/p>\n<div class=\"fusion-layout-column fusion_builder_column fusion_builder_column_1_2 fusion-builder-column-2 fusion-one-half fusion-column-first 1_2\">\n<div class=\"fusion-column-wrapper\" data-bg-url=\"\">\n<div class=\"fusion-text\">\n<h2><strong>Contact information:<\/strong><\/h2>\n<p>D.V.V. d.o.o.<\/p>\n<p>Wholesale, Technical and Business Services<\/p>\n<p>S. Batu\u0161i\u0107a 27 , 10090 Zagreb, Croatia<\/p>\n<p>E-mail address: dvv@dvv.hr<\/p>\n<p>Tel: +385 1 3894 616<\/p>\n<p>Mob: +385 91 3894 618<\/p>\n<p>OIB: 22060474639<\/p>\n<p>MB: 03526526<\/p>\n<p>MBS: 080338788<\/p>\n<p>VAT: HR22060474639<\/p>\n<\/div>\n<\/div>\n<\/div>\n<p>[\/et_pb_text][\/et_pb_column][et_pb_column type=&#8221;1_2&#8243; _builder_version=&#8221;4.9.3&#8243; _module_preset=&#8221;default&#8221;][et_pb_text _builder_version=&#8221;4.9.4&#8243; _module_preset=&#8221;default&#8221; text_font=&#8221;Montserrat||||||||&#8221; text_text_color=&#8221;#212629&#8243; header_font=&#8221;Montserrat||||||||&#8221; header_text_color=&#8221;#a8c0ce&#8221; header_2_font=&#8221;Montserrat||||||||&#8221; header_2_text_color=&#8221;#929aa6&#8243;]<\/p>\n<div class=\"fusion-layout-column fusion_builder_column fusion_builder_column_1_2 fusion-builder-column-2 fusion-one-half fusion-column-first 1_2\">\n<div class=\"fusion-column-wrapper\" data-bg-url=\"\">\n<div class=\"fusion-text\">\n<h2><strong>Company registration information:<\/strong><\/h2>\n<p>Registration court: Commercial court in Zagreb<\/p>\n<p class=\" translation-block\">Share capital <span>2.654,46 <\/span>EUR paid in full<\/p>\n<p>Director: Tanja Poljugan<\/p>\n<p>Company headquarter: S. Batu\u0161i\u0107a 27, 10090 Zagreb, Croatia<\/p>\n<p>Founders\/ society members:<\/p>\n<p>Dragica Vere\u0161-Ve\u0161i\u0107 \u2013 OIB: 17956363929 \u2013 founder<\/p>\n<p>Tanja Poljugan \u2013 OIB: 55318768639 \u2013 director<\/p>\n<p>Petar Ve\u0161i\u0107 \u2013 OIB: 36348169855 \u2013 procurator<\/p>\n<p>Business account at:<\/p>\n<p><strong>Zagreba\u010dka banka d.d.<\/strong><\/p>\n<p>IBAN: HR6823600001101242959<br \/>SWIFT: ZABAHR2X<\/p>\n<p><strong>Agram banka d.d.<\/strong><\/p>\n<p>IBAN: HR9324810001120024744<br \/>SWIFT: KREZHR2X<\/p>\n<\/div>\n<\/div>\n<\/div>\n<p>[\/et_pb_text][\/et_pb_column][\/et_pb_row][\/et_pb_section]<\/p>","protected":false},"excerpt":{"rendered":"<p>[et_pb_section fb_built=&#8221;1&#8243; _builder_version=&#8221;4.9.4&#8243; _module_preset=&#8221;default&#8221; background_color=&#8221;#bbc6d4&#8243; custom_margin=&#8221;0px||0px||false|false&#8221; custom_padding=&#8221;10px||0px||false|false&#8221; border_width_bottom=&#8221;1px&#8221; border_color_bottom=&#8221;#a8c0ce&#8221;][et_pb_row _builder_version=&#8221;4.9.3&#8243; _module_preset=&#8221;default&#8221;][et_pb_column type=&#8221;4_4&#8243; _builder_version=&#8221;4.9.3&#8243; _module_preset=&#8221;default&#8221;][et_pb_text _builder_version=&#8221;4.9.4&#8243; _module_preset=&#8221;default&#8221; header_font=&#8221;Montserrat||on||||||&#8221; header_text_color=&#8221;#212629&#8243; header_font_size=&#8221;50px&#8221; header_6_font=&#8221;Montserrat||on||||||&#8221; header_6_font_size=&#8221;24px&#8221;] Osnovne informacije o firmi [\/et_pb_text][\/et_pb_column][\/et_pb_row][\/et_pb_section][et_pb_section fb_built=&#8221;1&#8243; _builder_version=&#8221;4.9.3&#8243; _module_preset=&#8221;default&#8221;][et_pb_row column_structure=&#8221;1_2,1_2&#8243; _builder_version=&#8221;4.9.3&#8243; _module_preset=&#8221;default&#8221;][et_pb_column type=&#8221;1_2&#8243; _builder_version=&#8221;4.9.3&#8243; _module_preset=&#8221;default&#8221;][et_pb_text _builder_version=&#8221;4.9.4&#8243; _module_preset=&#8221;default&#8221; text_font=&#8221;Montserrat||||||||&#8221; text_text_color=&#8221;#212629&#8243; header_font=&#8221;Montserrat||||||||&#8221; header_text_color=&#8221;#a8c0ce&#8221; header_2_font=&#8221;Montserrat||||||||&#8221; header_2_text_color=&#8221;#929aa6&#8243;] Kontakt podaci: D.V.V. d.o.o. Trgovina na veliko, tehni\u010dke i poslovne usluge S. [&hellip;]<\/p>","protected":false},"author":1,"featured_media":0,"parent":0,"menu_order":0,"comment_status":"closed","ping_status":"closed","template":"","meta":{"_et_pb_use_builder":"on","_et_pb_old_content":"","_et_gb_content_width":"","footnotes":""},"class_list":["post-31","page","type-page","status-publish","hentry"],"yoast_head":"<!-- This site is optimized with the Yoast SEO plugin v16.1.1 - https:\/\/yoast.com\/wordpress\/plugins\/seo\/ -->\n<title>Osnovne informacije o firmi | D.V.V. d.o.o.<\/title>\n<link rel=\"canonical\" href=\"https:\/\/dvv.hr\/en\/osnovne-informacije-o-firmi\/\" \/>\n<meta property=\"og:locale\" content=\"en_GB\" \/>\n<meta property=\"og:type\" content=\"article\" \/>\n<meta property=\"og:title\" content=\"Osnovne informacije o firmi | D.V.V. d.o.o.\" \/>\n<meta property=\"og:description\" content=\"[et_pb_section fb_built=&#8221;1&#8243; _builder_version=&#8221;4.9.4&#8243; _module_preset=&#8221;default&#8221; background_color=&#8221;#bbc6d4&#8243; custom_margin=&#8221;0px||0px||false|false&#8221; custom_padding=&#8221;10px||0px||false|false&#8221; border_width_bottom=&#8221;1px&#8221; border_color_bottom=&#8221;#a8c0ce&#8221;][et_pb_row _builder_version=&#8221;4.9.3&#8243; _module_preset=&#8221;default&#8221;][et_pb_column type=&#8221;4_4&#8243; _builder_version=&#8221;4.9.3&#8243; _module_preset=&#8221;default&#8221;][et_pb_text _builder_version=&#8221;4.9.4&#8243; _module_preset=&#8221;default&#8221; header_font=&#8221;Montserrat||on||||||&#8221; header_text_color=&#8221;#212629&#8243; header_font_size=&#8221;50px&#8221; header_6_font=&#8221;Montserrat||on||||||&#8221; header_6_font_size=&#8221;24px&#8221;] Osnovne informacije o firmi [\/et_pb_text][\/et_pb_column][\/et_pb_row][\/et_pb_section][et_pb_section fb_built=&#8221;1&#8243; _builder_version=&#8221;4.9.3&#8243; _module_preset=&#8221;default&#8221;][et_pb_row column_structure=&#8221;1_2,1_2&#8243; _builder_version=&#8221;4.9.3&#8243; _module_preset=&#8221;default&#8221;][et_pb_column type=&#8221;1_2&#8243; _builder_version=&#8221;4.9.3&#8243; _module_preset=&#8221;default&#8221;][et_pb_text _builder_version=&#8221;4.9.4&#8243; _module_preset=&#8221;default&#8221; text_font=&#8221;Montserrat||||||||&#8221; text_text_color=&#8221;#212629&#8243; header_font=&#8221;Montserrat||||||||&#8221; header_text_color=&#8221;#a8c0ce&#8221; header_2_font=&#8221;Montserrat||||||||&#8221; header_2_text_color=&#8221;#929aa6&#8243;] Kontakt podaci: D.V.V. d.o.o. Trgovina na veliko, tehni\u010dke i poslovne usluge S. [&hellip;]\" \/>\n<meta property=\"og:url\" content=\"https:\/\/dvv.hr\/en\/osnovne-informacije-o-firmi\/\" \/>\n<meta property=\"og:site_name\" content=\"D.V.V. d.o.o.\" \/>\n<meta property=\"article:modified_time\" content=\"2024-02-27T14:04:50+00:00\" \/>\n<meta name=\"twitter:card\" content=\"summary_large_image\" \/>\n<meta name=\"twitter:label1\" content=\"Estimated reading time\">\n\t<meta name=\"twitter:data1\" content=\"2 minutes\">\n<script type=\"application\/ld+json\" class=\"yoast-schema-graph\">{\"@context\":\"https:\/\/schema.org\",\"@graph\":[{\"@type\":\"Organization\",\"@id\":\"https:\/\/dvv.hr\/#organization\",\"name\":\"D.V.V. d.o.o.\",\"url\":\"https:\/\/dvv.hr\/\",\"sameAs\":[],\"logo\":{\"@type\":\"ImageObject\",\"@id\":\"https:\/\/dvv.hr\/#logo\",\"inLanguage\":\"en-GB\",\"url\":\"https:\/\/dvv.hr\/wp-content\/uploads\/2021\/04\/dvv_logo.png\",\"contentUrl\":\"https:\/\/dvv.hr\/wp-content\/uploads\/2021\/04\/dvv_logo.png\",\"width\":209,\"height\":62,\"caption\":\"D.V.V. d.o.o.\"},\"image\":{\"@id\":\"https:\/\/dvv.hr\/#logo\"}},{\"@type\":\"WebSite\",\"@id\":\"https:\/\/dvv.hr\/#website\",\"url\":\"https:\/\/dvv.hr\/\",\"name\":\"D.V.V. d.o.o.\",\"description\":\"Technical and Business Services\",\"publisher\":{\"@id\":\"https:\/\/dvv.hr\/#organization\"},\"potentialAction\":[{\"@type\":\"SearchAction\",\"target\":\"https:\/\/dvv.hr\/?s={search_term_string}\",\"query-input\":\"required name=search_term_string\"}],\"inLanguage\":\"en-GB\"},{\"@type\":\"WebPage\",\"@id\":\"https:\/\/dvv.hr\/osnovne-informacije-o-firmi\/#webpage\",\"url\":\"https:\/\/dvv.hr\/osnovne-informacije-o-firmi\/\",\"name\":\"Osnovne informacije o firmi | D.V.V. d.o.o.\",\"isPartOf\":{\"@id\":\"https:\/\/dvv.hr\/#website\"},\"datePublished\":\"2021-04-13T13:01:36+00:00\",\"dateModified\":\"2024-02-27T14:04:50+00:00\",\"breadcrumb\":{\"@id\":\"https:\/\/dvv.hr\/osnovne-informacije-o-firmi\/#breadcrumb\"},\"inLanguage\":\"en-GB\",\"potentialAction\":[{\"@type\":\"ReadAction\",\"target\":[\"https:\/\/dvv.hr\/osnovne-informacije-o-firmi\/\"]}]},{\"@type\":\"BreadcrumbList\",\"@id\":\"https:\/\/dvv.hr\/osnovne-informacije-o-firmi\/#breadcrumb\",\"itemListElement\":[{\"@type\":\"ListItem\",\"position\":1,\"item\":{\"@type\":\"WebPage\",\"@id\":\"https:\/\/dvv.hr\/\",\"url\":\"https:\/\/dvv.hr\/\",\"name\":\"Home\"}},{\"@type\":\"ListItem\",\"position\":2,\"item\":{\"@type\":\"WebPage\",\"@id\":\"https:\/\/dvv.hr\/osnovne-informacije-o-firmi\/\",\"url\":\"https:\/\/dvv.hr\/osnovne-informacije-o-firmi\/\",\"name\":\"Osnovne informacije o firmi\"}}]}]}<\/script>\n<!-- \/ Yoast SEO plugin. -->","_links":{"self":[{"href":"https:\/\/dvv.hr\/en\/wp-json\/wp\/v2\/pages\/31","targetHints":{"allow":["GET"]}}],"collection":[{"href":"https:\/\/dvv.hr\/en\/wp-json\/wp\/v2\/pages"}],"about":[{"href":"https:\/\/dvv.hr\/en\/wp-json\/wp\/v2\/types\/page"}],"author":[{"embeddable":true,"href":"https:\/\/dvv.hr\/en\/wp-json\/wp\/v2\/users\/1"}],"replies":[{"embeddable":true,"href":"https:\/\/dvv.hr\/en\/wp-json\/wp\/v2\/comments?post=31"}],"version-history":[{"count":16,"href":"https:\/\/dvv.hr\/en\/wp-json\/wp\/v2\/pages\/31\/revisions"}],"predecessor-version":[{"id":623,"href":"https:\/\/dvv.hr\/en\/wp-json\/wp\/v2\/pages\/31\/revisions\/623"}],"wp:attachment":[{"href":"https:\/\/dvv.hr\/en\/wp-json\/wp\/v2\/media?parent=31"}],"curies":[{"name":"wp","href":"https:\/\/api.w.org\/{rel}","templated":true}]}}