{"id":6,"date":"2021-04-13T12:54:08","date_gmt":"2021-04-13T12:54:08","guid":{"rendered":"https:\/\/dvv.hr\/?page_id=6"},"modified":"2024-02-06T10:10:16","modified_gmt":"2024-02-06T10:10:16","slug":"naslovna","status":"publish","type":"page","link":"https:\/\/dvv.hr\/en\/","title":{"rendered":"Home"},"content":{"rendered":"<p>[et_pb_section fb_built=&#8221;1&#8243; fullwidth=&#8221;on&#8221; _builder_version=&#8221;4.9.3&#8243; _module_preset=&#8221;default&#8221;][et_pb_fullwidth_slider _builder_version=&#8221;4.9.3&#8243; _module_preset=&#8221;default&#8221; custom_padding=&#8221;||172px|||&#8221;][et_pb_slide heading=&#8221;D.V.V.&#8221; use_bg_overlay=&#8221;on&#8221; bg_overlay_color=&#8221;rgba(168,192,206,0)&#8221; use_text_overlay=&#8221;on&#8221; _builder_version=&#8221;4.9.3&#8243; _module_preset=&#8221;default&#8221; header_level=&#8221;h2&#8243; header_font=&#8221;Montserrat|700|||||||&#8221; header_text_align=&#8221;center&#8221; header_font_size=&#8221;50px&#8221; body_font=&#8221;Montserrat||||||||&#8221; body_text_align=&#8221;center&#8221; body_font_size=&#8221;22px&#8221; use_background_color_gradient=&#8221;on&#8221; background_color_gradient_start=&#8221;rgba(0,0,0,0.07)&#8221; background_color_gradient_end=&#8221;#000000&#8243; background_color_gradient_overlays_image=&#8221;on&#8221; background_image=&#8221;https:\/\/dvv.hr\/wp-content\/uploads\/2021\/04\/dvv_slider-scaled.jpg&#8221; background_enable_image=&#8221;on&#8221; text_orientation=&#8221;center&#8221; sticky_transition=&#8221;on&#8221;]<\/p>\n<h3><strong>Technical and Business Services<\/strong><\/h3>\n<p><strong>DESIGN, MANUFACTURE, INSTALLATION, START-UP AND MAINTENANCE OF SYSTEMS OF ENERGY EFFICIENCY, RENEWABLE ENERGY, ELECTRIC POWER SUPPLY, AUTOMATION AND REFRIGERANT SYSTEMS<\/strong><\/p>\n<p>[\/et_pb_slide][\/et_pb_fullwidth_slider][\/et_pb_section][et_pb_section fb_built=&#8221;1&#8243; _builder_version=&#8221;4.9.3&#8243; _module_preset=&#8221;default&#8221; custom_padding=&#8221;||||false|false&#8221; border_width_bottom=&#8221;1px&#8221; border_color_bottom=&#8221;#a8c0ce&#8221;][et_pb_row _builder_version=&#8221;4.9.3&#8243; _module_preset=&#8221;default&#8221;][et_pb_column type=&#8221;4_4&#8243; _builder_version=&#8221;4.9.3&#8243; _module_preset=&#8221;default&#8221;][et_pb_text _builder_version=&#8221;4.9.3&#8243; _module_preset=&#8221;default&#8221; header_font=&#8221;Montserrat||on||||||&#8221; header_text_align=&#8221;center&#8221; header_text_color=&#8221;#212629&#8243; header_font_size=&#8221;50px&#8221;]<\/p>\n<h1>What do we do?<\/h1>\n<p>[\/et_pb_text][\/et_pb_column][\/et_pb_row][\/et_pb_section][et_pb_section fb_built=&#8221;1&#8243; _builder_version=&#8221;4.9.3&#8243; _module_preset=&#8221;default&#8221; border_color_all=&#8221;#a8c0ce&#8221;][et_pb_row column_structure=&#8221;1_2,1_2&#8243; _builder_version=&#8221;4.9.3&#8243; _module_preset=&#8221;default&#8221;][et_pb_column type=&#8221;1_2&#8243; _builder_version=&#8221;4.9.3&#8243; _module_preset=&#8221;default&#8221;][et_pb_text _builder_version=&#8221;4.9.4&#8243; _module_preset=&#8221;default&#8221; text_font=&#8221;Montserrat||||||||&#8221; text_text_color=&#8221;#212629&#8243; header_font=&#8221;Montserrat||||||||&#8221; header_2_font=&#8221;Montserrat||||||||&#8221; header_2_text_color=&#8221;#929aa6&#8243; custom_margin=&#8221;15px||||false|false&#8221; custom_margin_tablet=&#8221;&#8221; custom_margin_phone=&#8221;&#8221; custom_margin_last_edited=&#8221;on|desktop&#8221;]<\/p>\n<h2 style=\"text-align: left;\"><strong>Electroenergetics<\/strong><\/h2>\n<ul style=\"text-align: left;\">\n<li>35\/10(20) kV, 10(20)\/0,4 kV power (transformer) substations<\/li>\n<li>20, 10 and 0,4 kV power supply lines<\/li>\n<li>0,4 kV distribution switchboards, sub-distribution systems and switch cabinets<\/li>\n<li>automatic systems of power factor correction<\/li>\n<\/ul>\n<p style=\"text-align: left;\">[\/et_pb_text][\/et_pb_column][et_pb_column type=&#8221;1_2&#8243; _builder_version=&#8221;4.9.3&#8243; _module_preset=&#8221;default&#8221;][et_pb_image src=&#8221;https:\/\/dvv.hr\/wp-content\/uploads\/2021\/04\/ELEKTROENERGETIKA.png&#8221; alt=&#8221;ELEKTROENERGETIKA&#8221; title_text=&#8221;ELEKTROENERGETIKA&#8221; _builder_version=&#8221;4.9.3&#8243; _module_preset=&#8221;default&#8221; width=&#8221;200px&#8221;][\/et_pb_image][\/et_pb_column][\/et_pb_row][\/et_pb_section][et_pb_section fb_built=&#8221;1&#8243; _builder_version=&#8221;4.9.3&#8243; _module_preset=&#8221;default&#8221; border_width_all=&#8221;1px&#8221; border_color_all=&#8221;#a8c0ce&#8221;][et_pb_row column_structure=&#8221;1_2,1_2&#8243; _builder_version=&#8221;4.9.3&#8243; _module_preset=&#8221;default&#8221;][et_pb_column type=&#8221;1_2&#8243; _builder_version=&#8221;4.9.3&#8243; _module_preset=&#8221;default&#8221;][et_pb_text _builder_version=&#8221;4.9.4&#8243; _module_preset=&#8221;default&#8221; text_font=&#8221;Montserrat||||||||&#8221; text_text_color=&#8221;#212629&#8243; header_2_text_color=&#8221;#929aa6&#8243; custom_margin=&#8221;15px||||false|false&#8221; custom_margin_tablet=&#8221;&#8221; custom_margin_phone=&#8221;&#8221; custom_margin_last_edited=&#8221;on|desktop&#8221;]<\/p>\n<h2 style=\"text-align: left;\"><strong>Power supply and regulation of electromotor drives<\/strong><\/h2>\n<ul style=\"text-align: left;\">\n<li>by direct starting<\/li>\n<li>by star-delta starting<\/li>\n<li>by soft starter<\/li>\n<li>by regulated frequency converter<\/li>\n<li>by starting drive groups via single soft starter<\/li>\n<\/ul>\n<p style=\"text-align: left;\">[\/et_pb_text][\/et_pb_column][et_pb_column type=&#8221;1_2&#8243; _builder_version=&#8221;4.9.3&#8243; _module_preset=&#8221;default&#8221;][et_pb_image src=&#8221;https:\/\/dvv.hr\/wp-content\/uploads\/2021\/04\/NAPAJANJE_I_-REGULACIJA_-ELEKTROMOTORNIH_POGONA.png&#8221; alt=&#8221;NAPAJANJE I REGULACIJA ELEKTROMOTORNIH POGONA&#8221; title_text=&#8221;NAPAJANJE I REGULACIJA ELEKTROMOTORNIH POGONA&#8221; _builder_version=&#8221;4.9.3&#8243; _module_preset=&#8221;default&#8221; width=&#8221;200px&#8221;][\/et_pb_image][\/et_pb_column][\/et_pb_row][\/et_pb_section][et_pb_section fb_built=&#8221;1&#8243; _builder_version=&#8221;4.9.3&#8243; _module_preset=&#8221;default&#8221; border_color_all=&#8221;#a8c0ce&#8221; border_width_bottom=&#8221;0px&#8221;][et_pb_row column_structure=&#8221;1_2,1_2&#8243; _builder_version=&#8221;4.9.3&#8243; _module_preset=&#8221;default&#8221;][et_pb_column type=&#8221;1_2&#8243; _builder_version=&#8221;4.9.3&#8243; _module_preset=&#8221;default&#8221;][et_pb_text _builder_version=&#8221;4.9.4&#8243; _module_preset=&#8221;default&#8221; text_font=&#8221;Montserrat||||||||&#8221; text_text_color=&#8221;#212629&#8243; header_2_text_color=&#8221;#929aa6&#8243; custom_margin=&#8221;15px||||false|false&#8221; custom_margin_tablet=&#8221;&#8221; custom_margin_phone=&#8221;&#8221; custom_margin_last_edited=&#8221;on|desktop&#8221;]<\/p>\n<h2 style=\"text-align: left;\"><strong>Automation<\/strong><\/h2>\n<ul style=\"text-align: left;\">\n<li>automation in the variety of fields of application like power distribution systems, industrial process and machine control<\/li>\n<li>development of the PLC, HMI and SCADA applications<\/li>\n<li>design of the automation systems from ground up<\/li>\n<li>modernization and\/or extension of the exiting automation systems<\/li>\n<\/ul>\n<p style=\"text-align: left;\">[\/et_pb_text][\/et_pb_column][et_pb_column type=&#8221;1_2&#8243; _builder_version=&#8221;4.9.3&#8243; _module_preset=&#8221;default&#8221;][et_pb_image src=&#8221;https:\/\/dvv.hr\/wp-content\/uploads\/2021\/04\/AUTOMATIZACIJA.png&#8221; alt=&#8221;AUTOMATIZACIJA&#8221; title_text=&#8221;AUTOMATIZACIJA&#8221; _builder_version=&#8221;4.9.3&#8243; _module_preset=&#8221;default&#8221; width=&#8221;200px&#8221;][\/et_pb_image][\/et_pb_column][\/et_pb_row][\/et_pb_section][et_pb_section fb_built=&#8221;1&#8243; _builder_version=&#8221;4.9.3&#8243; _module_preset=&#8221;default&#8221; border_width_all=&#8221;1px&#8221; border_color_all=&#8221;#a8c0ce&#8221; border_width_bottom=&#8221;0px&#8221;][et_pb_row column_structure=&#8221;1_2,1_2&#8243; _builder_version=&#8221;4.9.3&#8243; _module_preset=&#8221;default&#8221;][et_pb_column type=&#8221;1_2&#8243; _builder_version=&#8221;4.9.3&#8243; _module_preset=&#8221;default&#8221;][et_pb_text _builder_version=&#8221;4.9.4&#8243; _module_preset=&#8221;default&#8221; text_font=&#8221;Montserrat||||||||&#8221; text_text_color=&#8221;#212629&#8243; header_2_text_color=&#8221;#929aa6&#8243; custom_margin=&#8221;15px||||false|false&#8221; custom_margin_tablet=&#8221;&#8221; custom_margin_phone=&#8221;&#8221; custom_margin_last_edited=&#8221;on|desktop&#8221;]<\/p>\n<h2 style=\"text-align: left;\"><strong>Energy efficiency<\/strong><\/h2>\n<ul style=\"text-align: left;\">\n<li>evaluating and making studies of energy efficiency<\/li>\n<li>installing monitoring systems of electric energy consumption<\/li>\n<li>implementing measures that will ensure cost savings<\/li>\n<li>analysis and verification of realized cost savings<\/li>\n<\/ul>\n<p style=\"text-align: left;\">[\/et_pb_text][\/et_pb_column][et_pb_column type=&#8221;1_2&#8243; _builder_version=&#8221;4.9.3&#8243; _module_preset=&#8221;default&#8221;][et_pb_image src=&#8221;https:\/\/dvv.hr\/wp-content\/uploads\/2021\/04\/ENERGETSKA_UCINKOVITOST.png&#8221; alt=&#8221;ENERGETSKA U\u010cINKOVITOST&#8221; title_text=&#8221;ENERGETSKA U\u010cINKOVITOST&#8221; _builder_version=&#8221;4.9.3&#8243; _module_preset=&#8221;default&#8221; width=&#8221;200px&#8221;][\/et_pb_image][\/et_pb_column][\/et_pb_row][\/et_pb_section][et_pb_section fb_built=&#8221;1&#8243; _builder_version=&#8221;4.9.3&#8243; _module_preset=&#8221;default&#8221; border_width_all=&#8221;1px&#8221; border_color_all=&#8221;#a8c0ce&#8221; border_width_bottom=&#8221;0px&#8221;][et_pb_row column_structure=&#8221;1_2,1_2&#8243; _builder_version=&#8221;4.9.3&#8243; _module_preset=&#8221;default&#8221;][et_pb_column type=&#8221;1_2&#8243; _builder_version=&#8221;4.9.3&#8243; _module_preset=&#8221;default&#8221;][et_pb_text _builder_version=&#8221;4.9.4&#8243; _module_preset=&#8221;default&#8221; text_font=&#8221;Montserrat||||||||&#8221; text_text_color=&#8221;#212629&#8243; header_2_text_color=&#8221;#929aa6&#8243; custom_margin=&#8221;15px||||false|false&#8221; custom_margin_tablet=&#8221;&#8221; custom_margin_phone=&#8221;&#8221; custom_margin_last_edited=&#8221;on|desktop&#8221;]<\/p>\n<h2 style=\"text-align: left;\"><strong>Renewable energy<\/strong><\/h2>\n<ul style=\"text-align: left;\">\n<li>solar radiation energy<\/li>\n<li>biomass energy<\/li>\n<li>wind energy<\/li>\n<li>hydrokintetic energy<\/li>\n<li>geothermal energy<\/li>\n<\/ul>\n<p style=\"text-align: left;\">[\/et_pb_text][\/et_pb_column][et_pb_column type=&#8221;1_2&#8243; _builder_version=&#8221;4.9.3&#8243; _module_preset=&#8221;default&#8221;][et_pb_image src=&#8221;https:\/\/dvv.hr\/wp-content\/uploads\/2021\/04\/OBNOVLJIVI_IZVORI_ENERGIJE.png&#8221; alt=&#8221;OBNOVLJIVI IZVORI ENERGIJE&#8221; title_text=&#8221;OBNOVLJIVI IZVORI ENERGIJE&#8221; _builder_version=&#8221;4.9.3&#8243; _module_preset=&#8221;default&#8221; width=&#8221;200px&#8221;][\/et_pb_image][\/et_pb_column][\/et_pb_row][\/et_pb_section][et_pb_section fb_built=&#8221;1&#8243; _builder_version=&#8221;4.9.3&#8243; _module_preset=&#8221;default&#8221; border_width_all=&#8221;1px&#8221; border_color_all=&#8221;#a8c0ce&#8221; border_width_bottom=&#8221;0px&#8221;][et_pb_row column_structure=&#8221;1_2,1_2&#8243; _builder_version=&#8221;4.9.3&#8243; _module_preset=&#8221;default&#8221;][et_pb_column type=&#8221;1_2&#8243; _builder_version=&#8221;4.9.3&#8243; _module_preset=&#8221;default&#8221;][et_pb_text _builder_version=&#8221;4.9.4&#8243; _module_preset=&#8221;default&#8221; text_font=&#8221;Montserrat||||||||&#8221; text_text_color=&#8221;#212629&#8243; header_2_text_color=&#8221;#929aa6&#8243; custom_margin=&#8221;15px||||false|false&#8221; custom_margin_tablet=&#8221;&#8221; custom_margin_phone=&#8221;&#8221; custom_margin_last_edited=&#8221;on|desktop&#8221;]<\/p>\n<h2 style=\"text-align: left;\"><strong>Industrial refrigeneration<\/strong><\/h2>\n<ul style=\"text-align: left;\">\n<li>ammonia screw\/piston compressors<\/li>\n<li>evaporative condensers<\/li>\n<li>cooling towers<\/li>\n<li>water treatment technologies<\/li>\n<li>process equipment<\/li>\n<\/ul>\n<p style=\"text-align: left;\">[\/et_pb_text][\/et_pb_column][et_pb_column type=&#8221;1_2&#8243; _builder_version=&#8221;4.9.3&#8243; _module_preset=&#8221;default&#8221;][et_pb_image src=&#8221;https:\/\/dvv.hr\/wp-content\/uploads\/2021\/04\/RASHLADNI_SUSTAVI_U_INDUSTRIJI.png&#8221; alt=&#8221;RASHLADNI SUSTAVI U INDUSTRIJI&#8221; title_text=&#8221;RASHLADNI SUSTAVI U INDUSTRIJI&#8221; _builder_version=&#8221;4.9.3&#8243; _module_preset=&#8221;default&#8221; width=&#8221;200px&#8221;][\/et_pb_image][\/et_pb_column][\/et_pb_row][\/et_pb_section]<\/p>","protected":false},"excerpt":{"rendered":"<p>[et_pb_section fb_built=&#8221;1&#8243; fullwidth=&#8221;on&#8221; _builder_version=&#8221;4.9.3&#8243; _module_preset=&#8221;default&#8221;][et_pb_fullwidth_slider _builder_version=&#8221;4.9.3&#8243; _module_preset=&#8221;default&#8221; custom_padding=&#8221;||172px|||&#8221;][et_pb_slide heading=&#8221;D.V.V.&#8221; use_bg_overlay=&#8221;on&#8221; bg_overlay_color=&#8221;rgba(168,192,206,0)&#8221; use_text_overlay=&#8221;on&#8221; _builder_version=&#8221;4.9.3&#8243; _module_preset=&#8221;default&#8221; header_level=&#8221;h2&#8243; header_font=&#8221;Montserrat|700|||||||&#8221; header_text_align=&#8221;center&#8221; header_font_size=&#8221;50px&#8221; body_font=&#8221;Montserrat||||||||&#8221; body_text_align=&#8221;center&#8221; body_font_size=&#8221;22px&#8221; use_background_color_gradient=&#8221;on&#8221; background_color_gradient_start=&#8221;rgba(0,0,0,0.07)&#8221; background_color_gradient_end=&#8221;#000000&#8243; background_color_gradient_overlays_image=&#8221;on&#8221; background_image=&#8221;https:\/\/dvv.hr\/wp-content\/uploads\/2021\/04\/dvv_slider-scaled.jpg&#8221; background_enable_image=&#8221;on&#8221; text_orientation=&#8221;center&#8221; sticky_transition=&#8221;on&#8221;] Tehni\u010dke i poslovne usluge PROJEKTIRANJE, PROIZVODNJA, MONTA\u017dA, PU\u0160TANJE U RAD I ODR\u017dAVANJE ELEKTROENERGETSKIH SUSTAVA, SUSTAVA AUTOMATIZACIJE, SUSTAVA ENERGETSKE U\u010cINKOVITOSTI I OBNOVLJIVIH IZVORA ENERGIJE TE SUSTAVA INDUSTRIJSKIH [&hellip;]<\/p>","protected":false},"author":1,"featured_media":0,"parent":0,"menu_order":0,"comment_status":"closed","ping_status":"closed","template":"","meta":{"_et_pb_use_builder":"on","_et_pb_old_content":"","_et_gb_content_width":"1080","footnotes":""},"class_list":["post-6","page","type-page","status-publish","hentry"],"yoast_head":"<!-- This site is optimized with the Yoast SEO plugin v16.1.1 - https:\/\/yoast.com\/wordpress\/plugins\/seo\/ -->\n<title>D.V.V. d.o.o. | Naslovna | Technical and Business Services<\/title>\n<meta name=\"description\" content=\"Poslovne usluge i in\u017eenjering - elektroenergetika, automatizacija, energetska u\u010dinkovitost, obnovljivi izvori energije, industrijski rashlad\" \/>\n<link rel=\"canonical\" href=\"https:\/\/dvv.hr\/en\/\" \/>\n<meta property=\"og:locale\" content=\"en_GB\" \/>\n<meta property=\"og:type\" content=\"article\" \/>\n<meta property=\"og:title\" content=\"D.V.V. d.o.o. | Naslovna | Technical and Business Services\" \/>\n<meta property=\"og:description\" content=\"Poslovne usluge i in\u017eenjering - elektroenergetika, automatizacija, energetska u\u010dinkovitost, obnovljivi izvori energije, industrijski rashlad\" \/>\n<meta property=\"og:url\" content=\"https:\/\/dvv.hr\/en\/\" \/>\n<meta property=\"og:site_name\" content=\"D.V.V. d.o.o.\" \/>\n<meta property=\"article:modified_time\" content=\"2024-02-06T10:10:16+00:00\" \/>\n<meta name=\"twitter:card\" content=\"summary_large_image\" \/>\n<meta name=\"twitter:label1\" content=\"Estimated reading time\">\n\t<meta name=\"twitter:data1\" content=\"2 minutes\">\n<script type=\"application\/ld+json\" class=\"yoast-schema-graph\">{\"@context\":\"https:\/\/schema.org\",\"@graph\":[{\"@type\":\"Organization\",\"@id\":\"https:\/\/dvv.hr\/#organization\",\"name\":\"D.V.V. d.o.o.\",\"url\":\"https:\/\/dvv.hr\/\",\"sameAs\":[],\"logo\":{\"@type\":\"ImageObject\",\"@id\":\"https:\/\/dvv.hr\/#logo\",\"inLanguage\":\"en-GB\",\"url\":\"https:\/\/dvv.hr\/wp-content\/uploads\/2021\/04\/dvv_logo.png\",\"contentUrl\":\"https:\/\/dvv.hr\/wp-content\/uploads\/2021\/04\/dvv_logo.png\",\"width\":209,\"height\":62,\"caption\":\"D.V.V. d.o.o.\"},\"image\":{\"@id\":\"https:\/\/dvv.hr\/#logo\"}},{\"@type\":\"WebSite\",\"@id\":\"https:\/\/dvv.hr\/#website\",\"url\":\"https:\/\/dvv.hr\/\",\"name\":\"D.V.V. d.o.o.\",\"description\":\"Technical and Business Services\",\"publisher\":{\"@id\":\"https:\/\/dvv.hr\/#organization\"},\"potentialAction\":[{\"@type\":\"SearchAction\",\"target\":\"https:\/\/dvv.hr\/?s={search_term_string}\",\"query-input\":\"required name=search_term_string\"}],\"inLanguage\":\"en-GB\"},{\"@type\":\"WebPage\",\"@id\":\"https:\/\/dvv.hr\/#webpage\",\"url\":\"https:\/\/dvv.hr\/\",\"name\":\"D.V.V. d.o.o. | Naslovna | Technical and Business Services\",\"isPartOf\":{\"@id\":\"https:\/\/dvv.hr\/#website\"},\"datePublished\":\"2021-04-13T12:54:08+00:00\",\"dateModified\":\"2024-02-06T10:10:16+00:00\",\"description\":\"Poslovne usluge i in\\u017eenjering - elektroenergetika, automatizacija, energetska u\\u010dinkovitost, obnovljivi izvori energije, industrijski rashlad\",\"breadcrumb\":{\"@id\":\"https:\/\/dvv.hr\/#breadcrumb\"},\"inLanguage\":\"en-GB\",\"potentialAction\":[{\"@type\":\"ReadAction\",\"target\":[\"https:\/\/dvv.hr\/\"]}]},{\"@type\":\"BreadcrumbList\",\"@id\":\"https:\/\/dvv.hr\/#breadcrumb\",\"itemListElement\":[{\"@type\":\"ListItem\",\"position\":1,\"item\":{\"@type\":\"WebPage\",\"@id\":\"https:\/\/dvv.hr\/\",\"url\":\"https:\/\/dvv.hr\/\",\"name\":\"Home\"}},{\"@type\":\"ListItem\",\"position\":2,\"item\":{\"@type\":\"WebPage\",\"@id\":\"https:\/\/dvv.hr\/\",\"url\":\"https:\/\/dvv.hr\/\",\"name\":\"Naslovna\"}}]}]}<\/script>\n<!-- \/ Yoast SEO plugin. -->","_links":{"self":[{"href":"https:\/\/dvv.hr\/en\/wp-json\/wp\/v2\/pages\/6","targetHints":{"allow":["GET"]}}],"collection":[{"href":"https:\/\/dvv.hr\/en\/wp-json\/wp\/v2\/pages"}],"about":[{"href":"https:\/\/dvv.hr\/en\/wp-json\/wp\/v2\/types\/page"}],"author":[{"embeddable":true,"href":"https:\/\/dvv.hr\/en\/wp-json\/wp\/v2\/users\/1"}],"replies":[{"embeddable":true,"href":"https:\/\/dvv.hr\/en\/wp-json\/wp\/v2\/comments?post=6"}],"version-history":[{"count":38,"href":"https:\/\/dvv.hr\/en\/wp-json\/wp\/v2\/pages\/6\/revisions"}],"predecessor-version":[{"id":582,"href":"https:\/\/dvv.hr\/en\/wp-json\/wp\/v2\/pages\/6\/revisions\/582"}],"wp:attachment":[{"href":"https:\/\/dvv.hr\/en\/wp-json\/wp\/v2\/media?parent=6"}],"curies":[{"name":"wp","href":"https:\/\/api.w.org\/{rel}","templated":true}]}}